{"id":390,"date":"2020-07-06T19:51:09","date_gmt":"2020-07-06T19:51:09","guid":{"rendered":"http:\/\/www.parrapediatrics.com\/?page_id=390"},"modified":"2023-04-25T17:27:21","modified_gmt":"2023-04-25T17:27:21","slug":"immunization-schedule","status":"publish","type":"page","link":"https:\/\/www.parrapediatrics.com\/es\/immunization-schedule\/","title":{"rendered":"Immunization Schedule"},"content":{"rendered":"<p>[et_pb_section fb_built=&#8221;1&#8243; custom_padding_last_edited=&#8221;on|phone&#8221; admin_label=&#8221;Header&#8221; _builder_version=&#8221;4.4.8&#8243; background_color=&#8221;#fffffff&#8221; background_image=&#8221;http:\/\/www.parrapediatrics.com\/wp-content\/uploads\/2020\/07\/nina2.png&#8221; background_size=&#8221;contain&#8221; background_position=&#8221;bottom_left&#8221; overflow-x=&#8221;hidden&#8221; overflow-y=&#8221;hidden&#8221; custom_padding=&#8221;||0vw||false|false&#8221; custom_padding_tablet=&#8221;&#8221; custom_padding_phone=&#8221;||0px||false|false&#8221;][et_pb_row column_structure=&#8221;1_2,1_2&#8243; _builder_version=&#8221;3.26.1&#8243;][et_pb_column type=&#8221;1_2&#8243; _builder_version=&#8221;3.26&#8243;][et_pb_text _builder_version=&#8221;4.4.8&#8243; text_font=&#8221;||||||||&#8221; text_font_size=&#8221;24px&#8221; text_line_height=&#8221;1.8em&#8221; header_font=&#8221;Amatic SC|700|||||||&#8221; header_font_size=&#8221;113px&#8221; header_line_height=&#8221;1.2em&#8221; width=&#8221;100%&#8221; max_width=&#8221;100%&#8221; min_height=&#8221;403px&#8221; height=&#8221;486px&#8221; text_font_size_tablet=&#8221;&#8221; text_font_size_phone=&#8221;22px&#8221; text_font_size_last_edited=&#8221;on|desktop&#8221; header_font_size_tablet=&#8221;80px&#8221; header_font_size_phone=&#8221;60px&#8221; header_font_size_last_edited=&#8221;on|phone&#8221;]<\/p>\n<h1>Calendario de inmunizaci\u00f3n<\/h1>\n<p>&nbsp;<\/p>\n<p>[\/et_pb_text][\/et_pb_column][et_pb_column type=&#8221;1_2&#8243; _builder_version=&#8221;3.26&#8243;][et_pb_image src=&#8221;https:\/\/www.parrapediatrics.com\/es\/wp-content\/uploads\/2020\/09\/MEDIUM_shutterstock_708794968.jpg&#8221; title_text=&#8221;MEDIUM_shutterstock_708794968&#8243; align=&#8221;right&#8221; align_tablet=&#8221;&#8221; align_phone=&#8221;left&#8221; align_last_edited=&#8221;on|desktop&#8221; _builder_version=&#8221;4.4.8&#8243; transform_scale_tablet=&#8221;&#8221; transform_scale_phone=&#8221;100%|100%&#8221; transform_scale_last_edited=&#8221;on|phone&#8221; transform_translate=&#8221;0px|53px&#8221; transform_translate_tablet=&#8221;&#8221; transform_translate_phone=&#8221;&#8221; transform_translate_last_edited=&#8221;on|desktop&#8221; transform_translate_linked_tablet=&#8221;off&#8221; transform_rotate=&#8221;0deg|0deg|-15deg&#8221; transform_rotate_tablet=&#8221;&#8221; transform_rotate_phone=&#8221;0deg|0deg|0deg&#8221; transform_rotate_last_edited=&#8221;on|desktop&#8221; transform_skew_tablet=&#8221;&#8221; transform_skew_phone=&#8221;&#8221; transform_skew_last_edited=&#8221;on|desktop&#8221; transform_origin=&#8221;-30%|35%&#8221; transform_origin_tablet=&#8221;&#8221; transform_origin_phone=&#8221;&#8221; transform_origin_last_edited=&#8221;on|desktop&#8221; transform_styles_last_edited=&#8221;on|phone&#8221; max_width_tablet=&#8221;70%&#8221; max_width_phone=&#8221;100%&#8221; max_width_last_edited=&#8221;on|phone&#8221; custom_margin=&#8221;-6vw|-10vw|||false|false&#8221; custom_margin_tablet=&#8221;||||false|false&#8221; custom_margin_phone=&#8221;&#8221; custom_margin_last_edited=&#8221;on|desktop&#8221; animation_style=&#8221;slide&#8221; animation_direction=&#8221;right&#8221; animation_intensity_slide=&#8221;5%&#8221; transform_styles_tablet=&#8221;&#8221; transform_styles_phone=&#8221;&#8221; border_radii=&#8221;on|12vw|12vw|12vw|12vw&#8221; border_width_all=&#8221;6vw&#8221; border_color_all=&#8221;#fff0bf&#8221; box_shadow_style=&#8221;preset3&#8243; box_shadow_vertical=&#8221;4px&#8221; box_shadow_blur=&#8221;3vw&#8221; box_shadow_spread=&#8221;10px&#8221;][\/et_pb_image][\/et_pb_column][\/et_pb_row][\/et_pb_section][et_pb_section fb_built=&#8221;1&#8243; custom_padding_last_edited=&#8221;on|tablet&#8221; next_background_color=&#8221;#ffffff&#8221; _builder_version=&#8221;4.4.8&#8243; use_background_color_gradient=&#8221;on&#8221; background_color_gradient_start=&#8221;#ffffff&#8221; background_color_gradient_end=&#8221;#fff0bf&#8221; background_enable_image=&#8221;off&#8221; background_size=&#8221;contain&#8221; custom_margin=&#8221;||1px|||&#8221; custom_padding=&#8221;||123px|||&#8221; custom_padding_tablet=&#8221;&#8221; custom_padding_phone=&#8221;||49px||false|false&#8221; bottom_divider_style=&#8221;waves&#8221; bottom_divider_height_tablet=&#8221;&#8221; bottom_divider_height_phone=&#8221;52px&#8221; bottom_divider_height_last_edited=&#8221;on|phone&#8221;][et_pb_row column_structure=&#8221;1_2,1_2&#8243; _builder_version=&#8221;4.4.8&#8243;][et_pb_column type=&#8221;1_2&#8243; _builder_version=&#8221;4.4.8&#8243;][et_pb_text _builder_version=&#8221;4.4.8&#8243; text_font=&#8221;||||||||&#8221; text_font_size=&#8221;18px&#8221; text_line_height=&#8221;2em&#8221; header_font=&#8221;||||||||&#8221; header_2_font=&#8221;Amatic SC|700|||||||&#8221; header_2_font_size=&#8221;42px&#8221; header_2_line_height=&#8221;1.2em&#8221; text_orientation=&#8221;center&#8221; module_alignment=&#8221;center&#8221; custom_margin=&#8221;26px|||||&#8221; text_font_size_tablet=&#8221;&#8221; text_font_size_phone=&#8221;16px&#8221; text_font_size_last_edited=&#8221;on|desktop&#8221; header_2_font_size_tablet=&#8221;&#8221; header_2_font_size_phone=&#8221;32px&#8221; header_2_font_size_last_edited=&#8221;on|desktop&#8221;]<\/p>\n<p style=\"text-align: left;\">Al poner las vacunas de sus hijos(as) en el tiempo estipulado, no s\u00f3lo los est\u00e1 protegiendo, sino que tambi\u00e9n est\u00e1 ayudando a proteger a sus amigos, familiares y a la comunidad.<\/p>\n<p>[\/et_pb_text][\/et_pb_column][et_pb_column type=&#8221;1_2&#8243; _builder_version=&#8221;4.4.8&#8243;][et_pb_text _builder_version=&#8221;4.4.8&#8243; header_font_size=&#8221;36px&#8221; min_height=&#8221;30px&#8221; custom_margin=&#8221;||29px|||&#8221; custom_padding=&#8221;24px|||||&#8221; link_option_url=&#8221;#first_visit&#8221; locked=&#8221;off&#8221;]<\/p>\n<h1><img loading=\"lazy\" src=\"https:\/\/www.parrapediatrics.com\/es\/wp-content\/uploads\/2020\/07\/Calendar.png\" width=\"53\" height=\"55\" alt=\"\" class=\"wp-image-942 alignnone size-full\" style=\"float: left;\" \/>\u00a0Calendario de vacunaci\u00f3n<\/h1>\n<p>[\/et_pb_text][et_pb_text _builder_version=&#8221;4.4.8&#8243; header_font_size=&#8221;36px&#8221; custom_padding=&#8221;5px|||||&#8221; link_option_url=&#8221;#at_home_care&#8221; locked=&#8221;off&#8221;]<\/p>\n<h1 id=\"h2skcwicrdrycsriaugs4p2uperqp\"><img loading=\"lazy\" src=\"http:\/\/www.parrapediatrics.com\/wp-content\/uploads\/2020\/07\/vacuna-1.png\" width=\"40\" height=\"41\" alt=\"\" class=\"wp-image-960 alignnone size-full\" \/>\u00a0Vacunas<\/h1>\n<p>[\/et_pb_text][\/et_pb_column][\/et_pb_row][\/et_pb_section][et_pb_section fb_built=&#8221;1&#8243; module_id=&#8221;first_visit&#8221; _builder_version=&#8221;4.4.8&#8243; bottom_divider_style=&#8221;waves&#8221; bottom_divider_color=&#8221;#ffffff&#8221; bottom_divider_height=&#8221;62px&#8221;][et_pb_row _builder_version=&#8221;4.4.8&#8243;][et_pb_column type=&#8221;4_4&#8243; _builder_version=&#8221;4.4.8&#8243;][et_pb_text module_class=&#8221;custom_bullet&#8221; _builder_version=&#8221;4.4.8&#8243; text_font=&#8221;||||||||&#8221; text_font_size=&#8221;16px&#8221; text_line_height=&#8221;1.8em&#8221; header_font=&#8221;Amatic SC|700|||||||&#8221; header_font_size=&#8221;77px&#8221; header_line_height=&#8221;1.2em&#8221; text_font_size_tablet=&#8221;&#8221; text_font_size_phone=&#8221;14px&#8221; text_font_size_last_edited=&#8221;on|desktop&#8221; header_font_size_tablet=&#8221;80px&#8221; header_font_size_phone=&#8221;60px&#8221; header_font_size_last_edited=&#8221;on|phone&#8221;]<\/p>\n<h1 style=\"text-align: center;\">Calendario de vacunaci\u00f3n<img loading=\"lazy\" src=\"https:\/\/www.parrapediatrics.com\/es\/wp-content\/uploads\/2020\/07\/Calendar.png\" width=\"53\" height=\"55\" alt=\"\" class=\"wp-image-942 alignnone size-full\" \/><\/h1>\n<p style=\"text-align: center;\">El calendario de vacunaci\u00f3n recomendado es el siguiente:<\/p>\n<p>[\/et_pb_text][\/et_pb_column][\/et_pb_row][et_pb_row column_structure=&#8221;1_2,1_2&#8243; _builder_version=&#8221;4.4.8&#8243; custom_padding=&#8221;||1px||false|false&#8221; locked=&#8221;off&#8221;][et_pb_column type=&#8221;1_2&#8243; _builder_version=&#8221;4.4.8&#8243;][et_pb_text module_class=&#8221;custom_bullet&#8221; _builder_version=&#8221;4.4.8&#8243; text_font=&#8221;||||||||&#8221; text_font_size=&#8221;16px&#8221; text_line_height=&#8221;1.8em&#8221; header_font=&#8221;Amatic SC|700|||||||&#8221; header_font_size=&#8221;77px&#8221; header_line_height=&#8221;1.2em&#8221; text_font_size_tablet=&#8221;&#8221; text_font_size_phone=&#8221;22px&#8221; text_font_size_last_edited=&#8221;on|desktop&#8221; header_font_size_tablet=&#8221;80px&#8221; header_font_size_phone=&#8221;60px&#8221; header_font_size_last_edited=&#8221;on|phone&#8221;]<\/p>\n<p><strong>Recien nacido:<\/strong> HEP B<br \/> <strong>2 Meses:<\/strong> PEDIARIX (DTAP, IPV, HEP B), PCV, HIB, RV<br \/> <strong>4 <\/strong><strong>Meses<\/strong><strong>:<\/strong> PENTACEL (DTAP, IPV, HIB), PCV, RV<br \/> <strong>6 <\/strong><strong>Meses<\/strong><strong>:<\/strong> PEDIARIX (DTAP, IPV,\u00a0HEP B), PCV, HIB, RV<br \/> <strong>12 <\/strong><strong>Meses<\/strong><strong>:<\/strong> MMR, VARICELLA, HEP A<br \/> <strong>15 <\/strong><strong>Meses<\/strong><strong>:<\/strong> DTAP, HIB, PCV<br \/> <strong>18 <\/strong><strong>Meses<\/strong><strong>:<\/strong> HEP A<\/p>\n<p>[\/et_pb_text][\/et_pb_column][et_pb_column type=&#8221;1_2&#8243; _builder_version=&#8221;4.4.8&#8243;][et_pb_text module_class=&#8221;custom_bullet&#8221; _builder_version=&#8221;4.4.8&#8243; text_font=&#8221;||||||||&#8221; text_font_size=&#8221;16px&#8221; text_line_height=&#8221;1.8em&#8221; header_font=&#8221;Amatic SC|700|||||||&#8221; header_font_size=&#8221;77px&#8221; header_line_height=&#8221;1.2em&#8221; text_font_size_tablet=&#8221;&#8221; text_font_size_phone=&#8221;22px&#8221; text_font_size_last_edited=&#8221;on|desktop&#8221; header_font_size_tablet=&#8221;80px&#8221; header_font_size_phone=&#8221;60px&#8221; header_font_size_last_edited=&#8221;on|phone&#8221;]<\/p>\n<p><strong>4 <\/strong><strong>A\u00f1os<\/strong><strong>:<\/strong> KINRIXS (DTAP, IPV) PROQUAD (MMR, VARICELLA)<br \/> <strong>11 <\/strong><strong>A\u00f1os<\/strong>: HPV (Optional), DAP, MENINGOCCOLA.<br \/> <strong>16 <\/strong><strong>A\u00f1os<\/strong><strong>:<\/strong> MENACTRA, MEM B (BEXSERO OR TRUMEMBA)<\/p>\n<p>Se recomiendan <span><a href=\"https:\/\/espanol.cdc.gov\/flu\/prevent\/flushot.htm\" target=\"_blank\" rel=\"noopener noreferrer\">vacunas anuales <\/a><\/span> contra la\u00a0gripe. Los ni\u00f1os recibir\u00e1n la 1a dosis despu\u00e9s de 6 meses de edad y un refuerzo un mes m\u00e1s tarde, luego 1 dosis cada a\u00f1o a partir de entonces.<\/p>\n<p>[\/et_pb_text][\/et_pb_column][\/et_pb_row][\/et_pb_section][et_pb_section fb_built=&#8221;1&#8243; module_id=&#8221;at_home_care&#8221; _builder_version=&#8221;4.4.8&#8243; background_color=&#8221;#f4f4f4&#8243; locked=&#8221;off&#8221;][et_pb_row column_structure=&#8221;1_2,1_2&#8243; _builder_version=&#8221;4.4.8&#8243;][et_pb_column type=&#8221;1_2&#8243; _builder_version=&#8221;4.4.8&#8243;][et_pb_image src=&#8221;https:\/\/www.parrapediatrics.com\/es\/wp-content\/uploads\/2020\/09\/MEDIUM_shutterstock_648958369.jpg&#8221; title_text=&#8221;MEDIUM_shutterstock_648958369&#8243; _builder_version=&#8221;4.4.8&#8243; transform_rotate=&#8221;0deg|0deg|346deg&#8221; animation_style=&#8221;slide&#8221; animation_direction=&#8221;left&#8221; animation_delay=&#8221;100ms&#8221; border_radii=&#8221;on|6vw|6vw|6vw|6vw&#8221; border_width_all=&#8221;4vw&#8221; border_color_all=&#8221;#fff0bf&#8221; box_shadow_style=&#8221;preset2&#8243;][\/et_pb_image][\/et_pb_column][et_pb_column type=&#8221;1_2&#8243; _builder_version=&#8221;4.4.8&#8243;][et_pb_text admin_label=&#8221;#regular_checks&#8221; module_class=&#8221;custom_bullet&#8221; _builder_version=&#8221;4.4.8&#8243; text_font=&#8221;||||||||&#8221; text_font_size=&#8221;16px&#8221; text_line_height=&#8221;1.8em&#8221; header_font=&#8221;Amatic SC|700|||||||&#8221; header_font_size=&#8221;77px&#8221; header_line_height=&#8221;1.2em&#8221; text_font_size_tablet=&#8221;&#8221; text_font_size_phone=&#8221;14px&#8221; text_font_size_last_edited=&#8221;on|desktop&#8221; header_font_size_tablet=&#8221;80px&#8221; header_font_size_phone=&#8221;60px&#8221; header_font_size_last_edited=&#8221;on|phone&#8221;]<\/p>\n<h1>Abreviaturas de vacunas<\/h1>\n<p>\u2022 PV: Polio<br \/> \u2022 PCV: Prevnar<br \/> \u2022 DTAP: difteria \/ t\u00e9tanos \/ tos ferina<br \/> \u2022 ROTA: Vacuna contra el rotavirus &#8211; oral<br \/> \u2022 HIB: Haemophilus Influenzae B<br \/> \u2022 VAR: Varicela<br \/> \u2022 MMR: sarampi\u00f3n \/ paperas \/ rub\u00e9ola<br \/> \u2022 HEPB: hepatitis B<\/p>\n<p>[\/et_pb_text][\/et_pb_column][\/et_pb_row][\/et_pb_section][et_pb_section fb_built=&#8221;1&#8243; admin_label=&#8221;Footer&#8221; _builder_version=&#8221;4.4.8&#8243; background_color=&#8221;#f4f4f4&#8243; custom_padding=&#8221;||0px||false|false&#8221; locked=&#8221;off&#8221;][et_pb_row custom_padding_last_edited=&#8221;on|desktop&#8221; _builder_version=&#8221;4.4.8&#8243; background_color=&#8221;#eaeaea&#8221; width=&#8221;90%&#8221; width_tablet=&#8221;95%&#8221; width_phone=&#8221;&#8221; width_last_edited=&#8221;on|desktop&#8221; max_width=&#8221;none&#8221; module_alignment=&#8221;right&#8221; overflow-x=&#8221;visible&#8221; overflow-y=&#8221;visible&#8221; custom_padding=&#8221;60px|10vw|4vw|40px|false|false&#8221; custom_padding_tablet=&#8221;|40px|||false|false&#8221; custom_padding_phone=&#8221;&#8221; border_radii=&#8221;|200px|||&#8221; border_radii_tablet=&#8221;|0px|||&#8221; border_radii_phone=&#8221;&#8221; border_radii_last_edited=&#8221;on|tablet&#8221; locked=&#8221;off&#8221;][et_pb_column type=&#8221;4_4&#8243; _builder_version=&#8221;3.26&#8243;][et_pb_text _builder_version=&#8221;4.4.8&#8243; text_font=&#8221;||||||||&#8221; text_font_size=&#8221;16px&#8221; text_line_height=&#8221;1.8em&#8221; header_font=&#8221;||||||||&#8221; header_2_font=&#8221;Amatic SC|700|||||||&#8221; header_2_font_size=&#8221;80px&#8221; header_2_line_height=&#8221;1.2em&#8221; text_orientation=&#8221;center&#8221; max_width=&#8221;700px&#8221; module_alignment=&#8221;center&#8221; hover_enabled=&#8221;0&#8243; header_2_font_size_tablet=&#8221;60px&#8221; header_2_font_size_phone=&#8221;32px&#8221; header_2_font_size_last_edited=&#8221;on|phone&#8221;]<\/p>\n<h2>\u00bfNecesita una cita ahora?<\/h2>\n<p>Llame a una de nuestras oficinas para solicitar una cita<\/p>\n<p><span id=\"et-info-phone\">\u00a0Spring branch|<span>Beltway 8<\/span>:<\/span><\/p>\n<p><a href=\"tel:+7134689000\">(713) 468-9000<br \/> <\/a><a href=\"tel:+8327709022\">(832) 770-9022<\/a><br \/><a href=\"tel:+7134689003\"><\/a><\/p>\n<h4>Fax Beltway 8:<\/h4>\n<p><a href=\"tel:+8326727328\">(832) 672-7328<\/a><\/p>\n<h4>Fax Spring Branch:<\/h4>\n<p><a href=\"tel:+7134689002\">(713) 468-9002<\/a><\/p>\n<p>o haga clic a continuaci\u00f3n para enviarnos un mensaje y nos contactaremos con usted.<\/p>\n<p>[\/et_pb_text][et_pb_button button_url=&#8221;@ET-DC@eyJkeW5hbWljIjp0cnVlLCJjb250ZW50IjoicG9zdF9saW5rX3VybF9wYWdlIiwic2V0dGluZ3MiOnsicG9zdF9pZCI6IjIyMyJ9fQ==@&#8221; button_text=&#8221;Solicitar una cita&#8221; button_alignment=&#8221;center&#8221; _builder_version=&#8221;4.4.8&#8243; _dynamic_attributes=&#8221;button_url&#8221; custom_button=&#8221;on&#8221; button_text_size=&#8221;18px&#8221; button_bg_color=&#8221;#e02b20&#8243; button_border_color=&#8221;rgba(0,0,0,0)&#8221; button_border_radius=&#8221;50px&#8221; button_font=&#8221;|700|||||||&#8221; button_icon=&#8221;%%3%%&#8221; background_layout=&#8221;dark&#8221; custom_padding=&#8221;15px|40px|15px|40px|true|true&#8221;][\/et_pb_button][\/et_pb_column][\/et_pb_row][\/et_pb_section]<\/p>\n","protected":false},"excerpt":{"rendered":"<p>Calendario de inmunizaci\u00f3n &nbsp;Al poner las vacunas de sus hijos(as) en el tiempo estipulado, no s\u00f3lo los est\u00e1 protegiendo, sino que tambi\u00e9n est\u00e1 ayudando a proteger a sus amigos, familiares y a la comunidad.\u00a0Calendario de vacunaci\u00f3n\u00a0VacunasCalendario de vacunaci\u00f3n El calendario de vacunaci\u00f3n recomendado es el siguiente:Recien nacido: HEP B 2 Meses: PEDIARIX (DTAP, IPV, HEP [&hellip;]<\/p>\n","protected":false},"author":1,"featured_media":0,"parent":0,"menu_order":0,"comment_status":"closed","ping_status":"closed","template":"","meta":{"_et_pb_use_builder":"on","_et_pb_old_content":"","_et_gb_content_width":""},"_links":{"self":[{"href":"https:\/\/www.parrapediatrics.com\/es\/wp-json\/wp\/v2\/pages\/390"}],"collection":[{"href":"https:\/\/www.parrapediatrics.com\/es\/wp-json\/wp\/v2\/pages"}],"about":[{"href":"https:\/\/www.parrapediatrics.com\/es\/wp-json\/wp\/v2\/types\/page"}],"author":[{"embeddable":true,"href":"https:\/\/www.parrapediatrics.com\/es\/wp-json\/wp\/v2\/users\/1"}],"replies":[{"embeddable":true,"href":"https:\/\/www.parrapediatrics.com\/es\/wp-json\/wp\/v2\/comments?post=390"}],"version-history":[{"count":10,"href":"https:\/\/www.parrapediatrics.com\/es\/wp-json\/wp\/v2\/pages\/390\/revisions"}],"predecessor-version":[{"id":1700,"href":"https:\/\/www.parrapediatrics.com\/es\/wp-json\/wp\/v2\/pages\/390\/revisions\/1700"}],"wp:attachment":[{"href":"https:\/\/www.parrapediatrics.com\/es\/wp-json\/wp\/v2\/media?parent=390"}],"curies":[{"name":"wp","href":"https:\/\/api.w.org\/{rel}","templated":true}]}}