{"id":363,"date":"2020-07-06T19:26:17","date_gmt":"2020-07-06T19:26:17","guid":{"rendered":"http:\/\/www.parrapediatrics.com\/?page_id=363"},"modified":"2023-04-25T17:17:16","modified_gmt":"2023-04-25T17:17:16","slug":"forms-and-policies","status":"publish","type":"page","link":"https:\/\/www.parrapediatrics.com\/es\/forms-and-policies\/","title":{"rendered":"Forms &#038; Policies"},"content":{"rendered":"<p>[et_pb_section fb_built=&#8221;1&#8243; custom_padding_last_edited=&#8221;on|phone&#8221; admin_label=&#8221;Header&#8221; _builder_version=&#8221;4.4.8&#8243; background_color=&#8221;#fffffff&#8221; background_image=&#8221;http:\/\/www.parrapediatrics.com\/wp-content\/uploads\/2020\/07\/forms2.png&#8221; background_size=&#8221;contain&#8221; overflow-x=&#8221;hidden&#8221; overflow-y=&#8221;hidden&#8221; custom_padding=&#8221;||0vw||false|false&#8221; custom_padding_tablet=&#8221;&#8221; custom_padding_phone=&#8221;||0px||false|false&#8221; background_last_edited=&#8221;on|desktop&#8221;][et_pb_row column_structure=&#8221;1_2,1_2&#8243; _builder_version=&#8221;3.26.1&#8243;][et_pb_column type=&#8221;1_2&#8243; _builder_version=&#8221;3.26&#8243;][et_pb_text _builder_version=&#8221;4.4.8&#8243; text_font=&#8221;||||||||&#8221; text_font_size=&#8221;24px&#8221; text_line_height=&#8221;1.8em&#8221; header_font=&#8221;Amatic SC|700|||||||&#8221; header_text_align=&#8221;left&#8221; header_font_size=&#8221;81px&#8221; header_line_height=&#8221;1.2em&#8221; text_font_size_tablet=&#8221;&#8221; text_font_size_phone=&#8221;22px&#8221; text_font_size_last_edited=&#8221;on|desktop&#8221; header_font_size_tablet=&#8221;80px&#8221; header_font_size_phone=&#8221;52px&#8221; header_font_size_last_edited=&#8221;on|desktop&#8221;]<\/p>\n<h1>Formas &amp; Procedimientos<\/h1>\n<p>[\/et_pb_text][\/et_pb_column][et_pb_column type=&#8221;1_2&#8243; _builder_version=&#8221;3.26&#8243;][\/et_pb_column][\/et_pb_row][\/et_pb_section][et_pb_section fb_built=&#8221;1&#8243; custom_padding_last_edited=&#8221;on|phone&#8221; next_background_color=&#8221;#ffffff&#8221; _builder_version=&#8221;4.4.8&#8243; use_background_color_gradient=&#8221;on&#8221; background_color_gradient_start=&#8221;#ffffff&#8221; background_color_gradient_end=&#8221;#fff0bf&#8221; custom_padding=&#8221;||73px|||&#8221; custom_padding_tablet=&#8221;&#8221; custom_padding_phone=&#8221;||59px||false|false&#8221; bottom_divider_style=&#8221;waves&#8221; bottom_divider_height_tablet=&#8221;&#8221; bottom_divider_height_phone=&#8221;55px&#8221; bottom_divider_height_last_edited=&#8221;on|phone&#8221;][et_pb_row column_structure=&#8221;1_2,1_2&#8243; _builder_version=&#8221;4.4.8&#8243;][et_pb_column type=&#8221;1_2&#8243; _builder_version=&#8221;4.4.8&#8243;][et_pb_text _builder_version=&#8221;4.4.8&#8243; text_font=&#8221;||||||||&#8221; text_font_size=&#8221;18px&#8221; text_line_height=&#8221;2em&#8221; header_font=&#8221;||||||||&#8221; header_2_font=&#8221;Amatic SC|700|||||||&#8221; header_2_font_size=&#8221;42px&#8221; header_2_line_height=&#8221;1.2em&#8221; text_orientation=&#8221;center&#8221; module_alignment=&#8221;center&#8221; text_font_size_tablet=&#8221;&#8221; text_font_size_phone=&#8221;16px&#8221; text_font_size_last_edited=&#8221;on|desktop&#8221; header_2_font_size_tablet=&#8221;&#8221; header_2_font_size_phone=&#8221;32px&#8221; header_2_font_size_last_edited=&#8221;on|desktop&#8221;]<\/p>\n<p style=\"text-align: left;\">Para su comodidad, encontrar\u00e1 a continuaci\u00f3n todos los formularios requeridos que los nuevos pacientes necesitar\u00e1n traer a la primera cita de su hijo(a). Por favor, desc\u00e1rguelos y llenelos. Si tiene preguntas sobre qu\u00e9 formularios debe traer, llame a nuestra oficina, y nuestro personal estar\u00e1 encantado de ayudarle a prepararse para la primera visita de su hijo(a).\n<\/p>\n<p>[\/et_pb_text][\/et_pb_column][et_pb_column type=&#8221;1_2&#8243; _builder_version=&#8221;4.4.8&#8243;][et_pb_text _builder_version=&#8221;4.4.8&#8243; text_font_size=&#8221;18px&#8221; header_font_size=&#8221;32px&#8221; custom_margin=&#8221;||7px|||&#8221;]<\/p>\n<h1><img loading=\"lazy\" src=\"http:\/\/www.parrapediatrics.com\/wp-content\/uploads\/2020\/07\/Form.png\" width=\"47\" height=\"49\" alt=\"\" class=\"wp-image-946 alignnone size-full\" \/>\u00a0Formularios para descargar<\/h1>\n<p>[\/et_pb_text][et_pb_text _builder_version=&#8221;4.4.8&#8243; header_font_size=&#8221;32px&#8221; min_height=&#8221;19px&#8221; custom_padding=&#8221;24px|||||&#8221; link_option_url=&#8221;#first_visit&#8221;]<\/p>\n<h1><img loading=\"lazy\" src=\"http:\/\/www.parrapediatrics.com\/wp-content\/uploads\/2020\/06\/well-icon-1.png\" width=\"40\" height=\"45\" alt=\"\" class=\"wp-image-286 alignnone size-full\" \/>\u00a0Pol\u00edticas de la oficina<\/h1>\n<p>[\/et_pb_text][\/et_pb_column][\/et_pb_row][\/et_pb_section][et_pb_section fb_built=&#8221;1&#8243; module_id=&#8221;at_home_care&#8221; _builder_version=&#8221;4.4.8&#8243; background_color=&#8221;#ffffff&#8221; custom_margin_tablet=&#8221;&#8221; custom_margin_phone=&#8221;&#8221; custom_margin_last_edited=&#8221;on|phone&#8221; custom_padding=&#8221;||0px||false|false&#8221; top_divider_height_tablet=&#8221;&#8221; top_divider_height_phone=&#8221;77px&#8221; top_divider_height_last_edited=&#8221;on|phone&#8221; bottom_divider_color=&#8221;#ffffff&#8221; bottom_divider_height=&#8221;72px&#8221;][et_pb_row _builder_version=&#8221;4.4.8&#8243;][et_pb_column type=&#8221;4_4&#8243; _builder_version=&#8221;4.4.8&#8243;][et_pb_text module_class=&#8221;custom_bullet&#8221; _builder_version=&#8221;4.4.8&#8243; text_font=&#8221;||||||||&#8221; text_font_size=&#8221;16px&#8221; text_line_height=&#8221;1.8em&#8221; header_font=&#8221;Amatic SC|700|||||||&#8221; header_font_size=&#8221;77px&#8221; header_line_height=&#8221;1.2em&#8221; text_font_size_tablet=&#8221;&#8221; text_font_size_phone=&#8221;14px&#8221; text_font_size_last_edited=&#8221;on|desktop&#8221; header_font_size_tablet=&#8221;80px&#8221; header_font_size_phone=&#8221;47px&#8221; header_font_size_last_edited=&#8221;on|phone&#8221;]<\/p>\n<h1 style=\"text-align: left;\">FORMULARIOS PARA DESCARGAR<\/h1>\n<p>Pacientes nuevos, descarguen, llenen estos formularios y tr\u00e1iganlos con usted a la primera cita de su hijo(a)<\/p>\n<ul>\n<li><a href=\"https:\/\/www.parrapediatrics.com\/es\/wp-content\/uploads\/2020\/09\/Patient-information_SPANISH.pdf\" target=\"_blank\" rel=\"noopener noreferrer\">Informaci\u00f3n del paciente<\/a><\/li>\n<li><a href=\"https:\/\/www.parrapediatrics.com\/es\/wp-content\/uploads\/2020\/09\/Acknowledgement-and-Privacy-Practices_SPANISH.pdf\" target=\"_blank\" rel=\"noopener noreferrer\">Reconocimiento de Pr\u00e1cticas de Privacidad<\/a><\/li>\n<li><a href=\"https:\/\/www.parrapediatrics.com\/es\/wp-content\/uploads\/2020\/09\/General-Consent-for-Treatment_SPANISH.pdf\" target=\"_blank\" rel=\"noopener noreferrer\">Consentimiento para el Tratamiento<\/a><\/li>\n<li><a href=\"https:\/\/www.parrapediatrics.com\/es\/wp-content\/uploads\/2020\/09\/TVFC_Form_SPANISH_2009.pdf\" target=\"_blank\" rel=\"noopener noreferrer\">Elegibilidad Del Paciente &#8211; Programa de Vacunas (TVFC)<\/a><\/li>\n<\/ul>\n<p>&nbsp;<\/p>\n<p>[\/et_pb_text][\/et_pb_column][\/et_pb_row][\/et_pb_section][et_pb_section fb_built=&#8221;1&#8243; prev_background_color=&#8221;#ffffff&#8221; module_id=&#8221;first_visit&#8221; _builder_version=&#8221;4.4.8&#8243; background_color=&#8221;#fff0bf&#8221; background_enable_image=&#8221;off&#8221; background_size=&#8221;contain&#8221; background_position=&#8221;bottom_right&#8221; custom_margin=&#8221;-37px|||||&#8221; custom_margin_tablet=&#8221;&#8221; custom_margin_phone=&#8221;-58px||||false|false&#8221; custom_margin_last_edited=&#8221;on|phone&#8221; custom_padding=&#8221;||31px|||&#8221; top_divider_style=&#8221;waves&#8221; top_divider_height_tablet=&#8221;&#8221; top_divider_height_phone=&#8221;53px&#8221; top_divider_height_last_edited=&#8221;on|phone&#8221; bottom_divider_color=&#8221;#ffffff&#8221; bottom_divider_height=&#8221;62px&#8221;][et_pb_row _builder_version=&#8221;4.4.8&#8243;][et_pb_column type=&#8221;4_4&#8243; _builder_version=&#8221;4.4.8&#8243;][et_pb_text module_class=&#8221;custom_bullet&#8221; _builder_version=&#8221;4.4.8&#8243; _dynamic_attributes=&#8221;link_option_url&#8221; text_font=&#8221;||||||||&#8221; text_font_size=&#8221;16px&#8221; text_line_height=&#8221;1.8em&#8221; header_font=&#8221;Amatic SC|700|||||||&#8221; header_font_size=&#8221;77px&#8221; header_line_height=&#8221;1.2em&#8221; min_height=&#8221;1177px&#8221; custom_margin=&#8221;51px|||||&#8221; link_option_url=&#8221;@ET-DC@eyJkeW5hbWljIjp0cnVlLCJjb250ZW50IjoicG9zdF9saW5rX3VybCIsInNldHRpbmdzIjp7fX0=@&#8221; text_font_size_tablet=&#8221;&#8221; text_font_size_phone=&#8221;14px&#8221; text_font_size_last_edited=&#8221;on|desktop&#8221; header_font_size_tablet=&#8221;80px&#8221; header_font_size_phone=&#8221;60px&#8221; header_font_size_last_edited=&#8221;on|phone&#8221;]<\/p>\n<h1>Pol\u00edticas de la oficina<\/h1>\n<p><span style=\"font-size: 16px;\">Nos complace que haya elegido Parra Pediatrics para las necesidades m\u00e9dicas de su hijo(a). Con el fin de brindarle una excelente atenci\u00f3n, apreciamos su cooperaci\u00f3n en el seguimiento de nuestras pol\u00edticas de oficina.<br \/> <\/span><\/p>\n<h3>Citas<\/h3>\n<ul>\n<li>Para programar una cita en cualquiera de nuestras oficinas, ll\u00e1menos al (832) 770-9022, (713)468-9003.<\/li>\n<li>Si no puede asistir a una cita, le pedimos que nos informe lo antes posible para que podamos ofrecerle ese tiempo de cita a otro paciente. Si tiene m\u00faltiples falta a su citas podr\u00eda resultar en el retiro de su familia de la pr\u00e1ctica.<\/li>\n<li>Llame durante el horario comercial para cancelar o reprogramar una cita.<\/li>\n<li>Deber\u00e1n llegar a su cita con 15 minutos de antelaci\u00f3n para dar tiempo al registro de entrada.<\/li>\n<li>Aseg\u00farese de tener su tarjeta de seguro, el copago necesario y la tarjeta de registro de vacunas de su hijo(a).<\/li>\n<li>Para los reci\u00e9n nacidos, le pedimos que lleguen 30 minutos antes para dar tiempo para el registro de entrada. Aseg\u00farese de tener su tarjeta de seguro y el copago necesario.<\/li>\n<li>Si llega tarde a una cita de visita de bienestar, es posible que requerimos que se reprograme para asegurar que nuestros m\u00e9dicos se mantengan a tiempo para el siguiente paciente.<\/li>\n<\/ul>\n<h3>Pol\u00edtica de devoluci\u00f3n de mensajes y llamadas<\/h3>\n<p><span>Nos esforzamos por brindar un excelente servicio y queremos que sus preguntas o inquietudes se aborden con prontitud.<br \/> <\/span><\/p>\n<h3>Pedir Medicinas<\/h3>\n<p>Si necesita reponer medicinas, p\u00f3ngase en contacto con su farmacia. Para solicitar recargas adicionales, llame a nuestra oficina.<\/p>\n<h3>Referencias a especialistas<\/h3>\n<p><span>En aquellos casos en los que se necesite un m\u00e9dico especialista, Parra Pediatrics le dar\u00e1 una referencia a un especialista. La oficina del especialista o nuestra oficina le notificar\u00e1n con la autorizaci\u00f3n y la informaci\u00f3n necesaria para que usted haga la cita. Este proceso suele tardar de 1 a 2 semanas. <\/span><\/p>\n<h3><span> Resultados de laboratorio y rayos X<\/span><\/h3>\n<p><span>Nuestro objetivo es llamar a pacientes con resultados de laboratorio tan pronto como sea posible. Tenga en cuenta que algunos resultados de laboratorio pueden tardar hasta 7 d\u00edas en completarse.<br \/> Los resultados de la prueba COVID-19 tardar\u00e1n entre 10 y 17 d\u00edas.<\/span><\/p>\n<p><span>COVID-19 test results will take between 10 to 17 days.<\/span><\/p>\n<h3>Registros y formularios m\u00e9dicos<\/h3>\n<ul>\n<li>Para obtener una copia del registro de inmunizaci\u00f3n de su hijo(a), requerimos una nota escrita que indique por qu\u00e9 necesita una copia y un pago de $15.00<\/li>\n<li>La transferencia o copia de registros m\u00e9dicos requiere un formulario de liberaci\u00f3n firmado por parte del padre o del paciente (si es mayor de 18 a\u00f1os). Si se env\u00edan registros a otro m\u00e9dico, los enviaremos directamente. Por favor, espere un m\u00ednimo de cinco d\u00edas h\u00e1biles para el procesamiento.<\/li>\n<\/ul>\n<h3>Reglas de la oficina<\/h3>\n<p>Traiga la tarjeta de registro de la vacuna de su hijo(a).<br \/> No se permiten comidas ni bebidas en nuestra zona de recepci\u00f3n o salas de ex\u00e1menes.<br \/> Le pedimos que no utilice tel\u00e9fonos celulares en nuestras salas de examen.<\/p>\n<p>[\/et_pb_text][\/et_pb_column][\/et_pb_row][\/et_pb_section][et_pb_section fb_built=&#8221;1&#8243; admin_label=&#8221;Footer&#8221; _builder_version=&#8221;4.4.8&#8243; background_color=&#8221;#f4f4f4&#8243; custom_padding=&#8221;40px||0px||false|false&#8221;][et_pb_row custom_padding_last_edited=&#8221;on|desktop&#8221; _builder_version=&#8221;4.4.8&#8243; background_color=&#8221;#eaeaea&#8221; width=&#8221;90%&#8221; width_tablet=&#8221;95%&#8221; width_phone=&#8221;&#8221; width_last_edited=&#8221;on|desktop&#8221; max_width=&#8221;none&#8221; module_alignment=&#8221;right&#8221; overflow-x=&#8221;visible&#8221; overflow-y=&#8221;visible&#8221; custom_padding=&#8221;60px|10vw|5vw|40px|false|false&#8221; custom_padding_tablet=&#8221;|40px|||false|false&#8221; custom_padding_phone=&#8221;&#8221; border_radii=&#8221;|200px|||&#8221; border_radii_tablet=&#8221;|0px|||&#8221; border_radii_phone=&#8221;&#8221; border_radii_last_edited=&#8221;on|tablet&#8221;][et_pb_column type=&#8221;4_4&#8243; _builder_version=&#8221;3.26&#8243;][et_pb_text _builder_version=&#8221;4.4.8&#8243; text_font=&#8221;||||||||&#8221; text_font_size=&#8221;16px&#8221; text_line_height=&#8221;1.8em&#8221; header_font=&#8221;||||||||&#8221; header_2_font=&#8221;Amatic SC|700|||||||&#8221; header_2_font_size=&#8221;80px&#8221; header_2_line_height=&#8221;1.2em&#8221; text_orientation=&#8221;center&#8221; max_width=&#8221;700px&#8221; module_alignment=&#8221;center&#8221; hover_enabled=&#8221;0&#8243; header_2_font_size_tablet=&#8221;60px&#8221; header_2_font_size_phone=&#8221;32px&#8221; header_2_font_size_last_edited=&#8221;on|phone&#8221;]<\/p>\n<h2>\u00bfTiene preguntas?<\/h2>\n<p>Llame a una de nuestras oficinas para solicitar una cita<\/p>\n<p><span id=\"et-info-phone\">\u00a0Spring Branch|<span>Beltway 8<\/span>: <\/span><\/p>\n<p><a href=\"tel:+7134689000\">(713) 468-9000<\/a><a href=\"tel:+7134689000\"><\/a><br \/> <a href=\"tel:+8327709022\">(832) 770-9022<\/a><\/p>\n<h4>Fax Beltway 8:<\/h4>\n<p><a href=\"tel:+8326727328\">(832) 672-7328<\/a><\/p>\n<h4>Fax Spring Branch:<\/h4>\n<p><a href=\"tel:+7134689002\">(713) 468-9002<\/a><\/p>\n<p>[\/et_pb_text][\/et_pb_column][\/et_pb_row][\/et_pb_section]<\/p>\n","protected":false},"excerpt":{"rendered":"<p>Formas &amp; ProcedimientosPara su comodidad, encontrar\u00e1 a continuaci\u00f3n todos los formularios requeridos que los nuevos pacientes necesitar\u00e1n traer a la primera cita de su hijo(a). Por favor, desc\u00e1rguelos y llenelos. Si tiene preguntas sobre qu\u00e9 formularios debe traer, llame a nuestra oficina, y nuestro personal estar\u00e1 encantado de ayudarle a prepararse para la primera visita [&hellip;]<\/p>\n","protected":false},"author":1,"featured_media":0,"parent":0,"menu_order":0,"comment_status":"closed","ping_status":"closed","template":"","meta":{"_et_pb_use_builder":"on","_et_pb_old_content":"","_et_gb_content_width":""},"_links":{"self":[{"href":"https:\/\/www.parrapediatrics.com\/es\/wp-json\/wp\/v2\/pages\/363"}],"collection":[{"href":"https:\/\/www.parrapediatrics.com\/es\/wp-json\/wp\/v2\/pages"}],"about":[{"href":"https:\/\/www.parrapediatrics.com\/es\/wp-json\/wp\/v2\/types\/page"}],"author":[{"embeddable":true,"href":"https:\/\/www.parrapediatrics.com\/es\/wp-json\/wp\/v2\/users\/1"}],"replies":[{"embeddable":true,"href":"https:\/\/www.parrapediatrics.com\/es\/wp-json\/wp\/v2\/comments?post=363"}],"version-history":[{"count":13,"href":"https:\/\/www.parrapediatrics.com\/es\/wp-json\/wp\/v2\/pages\/363\/revisions"}],"predecessor-version":[{"id":1698,"href":"https:\/\/www.parrapediatrics.com\/es\/wp-json\/wp\/v2\/pages\/363\/revisions\/1698"}],"wp:attachment":[{"href":"https:\/\/www.parrapediatrics.com\/es\/wp-json\/wp\/v2\/media?parent=363"}],"curies":[{"name":"wp","href":"https:\/\/api.w.org\/{rel}","templated":true}]}}