{"id":315,"date":"2020-07-01T21:59:40","date_gmt":"2020-07-01T21:59:40","guid":{"rendered":"http:\/\/www.parrapediatrics.com\/?page_id=315"},"modified":"2023-04-25T17:29:49","modified_gmt":"2023-04-25T17:29:49","slug":"well-visits","status":"publish","type":"page","link":"https:\/\/www.parrapediatrics.com\/es\/well-visits\/","title":{"rendered":"Well Visits"},"content":{"rendered":"<p>[et_pb_section fb_built=&#8221;1&#8243; custom_padding_last_edited=&#8221;on|phone&#8221; admin_label=&#8221;Header&#8221; _builder_version=&#8221;4.4.8&#8243; background_color=&#8221;#fffffff&#8221; background_image=&#8221;http:\/\/www.parrapediatrics.com\/wp-content\/uploads\/2020\/07\/well-visits3.png&#8221; background_size=&#8221;contain&#8221; background_position=&#8221;bottom_left&#8221; overflow-x=&#8221;hidden&#8221; overflow-y=&#8221;hidden&#8221; custom_padding=&#8221;||0vw||false|false&#8221; custom_padding_tablet=&#8221;&#8221; custom_padding_phone=&#8221;||80px||false|false&#8221;][et_pb_row column_structure=&#8221;1_2,1_2&#8243; _builder_version=&#8221;3.26.1&#8243;][et_pb_column type=&#8221;1_2&#8243; _builder_version=&#8221;3.26&#8243;][et_pb_text _builder_version=&#8221;4.4.8&#8243; text_font=&#8221;||||||||&#8221; text_font_size=&#8221;24px&#8221; text_line_height=&#8221;1.8em&#8221; header_font=&#8221;Amatic SC|700|||||||&#8221; header_font_size=&#8221;130px&#8221; header_line_height=&#8221;1.2em&#8221; text_font_size_tablet=&#8221;&#8221; text_font_size_phone=&#8221;22px&#8221; text_font_size_last_edited=&#8221;on|desktop&#8221; header_font_size_tablet=&#8221;80px&#8221; header_font_size_phone=&#8221;60px&#8221; header_font_size_last_edited=&#8221;on|phone&#8221;]<\/p>\n<h1>Chequeo Anual<\/h1>\n<p>Para el ni\u00f1o sano<\/p>\n<p>[\/et_pb_text][\/et_pb_column][et_pb_column type=&#8221;1_2&#8243; _builder_version=&#8221;3.26&#8243;][et_pb_image src=&#8221;https:\/\/www.parrapediatrics.com\/es\/wp-content\/uploads\/2020\/09\/MEDIUM_shutterstock_379214812.jpg&#8221; title_text=&#8221;MEDIUM_shutterstock_379214812&#8243; align=&#8221;right&#8221; align_tablet=&#8221;&#8221; align_phone=&#8221;left&#8221; align_last_edited=&#8221;on|desktop&#8221; _builder_version=&#8221;4.4.8&#8243; transform_scale_tablet=&#8221;&#8221; transform_scale_phone=&#8221;100%|100%&#8221; transform_scale_last_edited=&#8221;on|phone&#8221; transform_translate=&#8221;0px|53px&#8221; transform_translate_tablet=&#8221;&#8221; transform_translate_phone=&#8221;&#8221; transform_translate_last_edited=&#8221;on|desktop&#8221; transform_translate_linked_tablet=&#8221;off&#8221; transform_rotate=&#8221;0deg|0deg|-15deg&#8221; transform_rotate_tablet=&#8221;&#8221; transform_rotate_phone=&#8221;0deg|0deg|0deg&#8221; transform_rotate_last_edited=&#8221;on|desktop&#8221; transform_skew_tablet=&#8221;&#8221; transform_skew_phone=&#8221;&#8221; transform_skew_last_edited=&#8221;on|desktop&#8221; transform_origin=&#8221;-30%|35%&#8221; transform_origin_tablet=&#8221;&#8221; transform_origin_phone=&#8221;&#8221; transform_origin_last_edited=&#8221;on|desktop&#8221; transform_styles_last_edited=&#8221;on|phone&#8221; max_width_tablet=&#8221;70%&#8221; max_width_phone=&#8221;100%&#8221; max_width_last_edited=&#8221;on|phone&#8221; custom_margin=&#8221;-6vw|-10vw|||false|false&#8221; custom_margin_tablet=&#8221;||||false|false&#8221; custom_margin_phone=&#8221;&#8221; custom_margin_last_edited=&#8221;on|desktop&#8221; animation_style=&#8221;slide&#8221; animation_direction=&#8221;right&#8221; animation_intensity_slide=&#8221;5%&#8221; transform_styles_tablet=&#8221;&#8221; transform_styles_phone=&#8221;&#8221; border_radii=&#8221;on|12vw|12vw|12vw|12vw&#8221; border_width_all=&#8221;6vw&#8221; border_color_all=&#8221;#bfe3ff&#8221; box_shadow_style=&#8221;preset3&#8243; box_shadow_vertical=&#8221;4px&#8221; box_shadow_blur=&#8221;3vw&#8221; box_shadow_spread=&#8221;10px&#8221;][\/et_pb_image][\/et_pb_column][\/et_pb_row][\/et_pb_section][et_pb_section fb_built=&#8221;1&#8243; next_background_color=&#8221;#ffffff&#8221; _builder_version=&#8221;4.4.8&#8243; use_background_color_gradient=&#8221;on&#8221; background_color_gradient_start=&#8221;#ffffff&#8221; background_color_gradient_end=&#8221;#bfe3ff&#8221; custom_padding=&#8221;||109px|||&#8221; bottom_divider_style=&#8221;waves&#8221;][et_pb_row column_structure=&#8221;1_2,1_2&#8243; _builder_version=&#8221;4.4.8&#8243;][et_pb_column type=&#8221;1_2&#8243; _builder_version=&#8221;4.4.8&#8243;][et_pb_text _builder_version=&#8221;4.4.8&#8243; text_font=&#8221;||||||||&#8221; text_font_size=&#8221;18px&#8221; text_line_height=&#8221;2em&#8221; header_font=&#8221;||||||||&#8221; header_2_font=&#8221;Amatic SC|700|||||||&#8221; header_2_font_size=&#8221;42px&#8221; header_2_line_height=&#8221;1.2em&#8221; text_orientation=&#8221;center&#8221; module_alignment=&#8221;center&#8221; text_font_size_tablet=&#8221;&#8221; text_font_size_phone=&#8221;16px&#8221; text_font_size_last_edited=&#8221;on|desktop&#8221; header_2_font_size_tablet=&#8221;&#8221; header_2_font_size_phone=&#8221;32px&#8221; header_2_font_size_last_edited=&#8221;on|desktop&#8221;]<\/p>\n<p style=\"text-align: left;\">Las visitas anuales al m\u00e9dico son una de las cosas m\u00e1s importantes que usted puede hacer para mantener a su hijo(a) saludable. La atenci\u00f3n preventiva promueve un crecimiento y desarrollo saludables. En el chequeo anual, el m\u00e9dico har\u00e1 ex\u00e1menes completos que son importantes para la salud y el bienestar general de su hijo(a).<\/p>\n<p style=\"text-align: left;\">Durante esta visita, tambi\u00e9n puede realizar cualquier pregunta o inquietud que pueda tener acerca de la salud de su hijo(a) y su crecimiento.<\/p>\n<p>[\/et_pb_text][\/et_pb_column][et_pb_column type=&#8221;1_2&#8243; _builder_version=&#8221;4.4.8&#8243;][et_pb_text _builder_version=&#8221;4.4.8&#8243; header_font_size=&#8221;36px&#8221; custom_padding=&#8221;3px|||||&#8221; link_option_url=&#8221;#when_to_call&#8221;]<\/p>\n<h1><img loading=\"lazy\" src=\"http:\/\/www.parrapediatrics.com\/wp-content\/uploads\/2020\/06\/clock-icon-1.png\" width=\"46\" height=\"45\" alt=\"\" class=\"wp-image-216 alignnone size-full\" \/>\u00a0Chequeos Anuales<\/h1>\n<p>[\/et_pb_text][et_pb_text _builder_version=&#8221;4.4.8&#8243; header_font_size=&#8221;36px&#8221; link_option_url=&#8221;#toddlers_through_age_10&#8243;]<\/p>\n<h1><img loading=\"lazy\" src=\"http:\/\/www.parrapediatrics.com\/wp-content\/uploads\/2020\/06\/well-icon-1.png\" width=\"40\" height=\"45\" alt=\"\" class=\"wp-image-286 alignnone size-full\" \/>\u00a0Ni\u00f1os peque\u00f1os hasta los 10 a\u00f1os<\/h1>\n<p>[\/et_pb_text][et_pb_text _builder_version=&#8221;4.4.8&#8243; header_font_size=&#8221;36px&#8221; link_option_url=&#8221;#pre-teensAand_adolescents&#8221;]<\/p>\n<h1><img loading=\"lazy\" src=\"http:\/\/www.parrapediatrics.com\/wp-content\/uploads\/2020\/06\/well-icon-1.png\" width=\"40\" height=\"45\" alt=\"\" class=\"wp-image-286 alignnone size-full\" \/>\u00a0<a href=\"#teens\">Preadolescentes y Adolescentes<\/a><\/h1>\n<p>[\/et_pb_text][\/et_pb_column][\/et_pb_row][\/et_pb_section][et_pb_section fb_built=&#8221;1&#8243; module_id=&#8221;first_visit&#8221; _builder_version=&#8221;4.4.8&#8243; background_image=&#8221;http:\/\/www.parrapediatrics.com\/wp-content\/uploads\/2020\/07\/mariposa2.png&#8221; background_size=&#8221;contain&#8221; bottom_divider_style=&#8221;waves&#8221; bottom_divider_color=&#8221;#ffffff&#8221; bottom_divider_height=&#8221;62px&#8221;][et_pb_row column_structure=&#8221;1_2,1_2&#8243; _builder_version=&#8221;4.4.8&#8243;][et_pb_column type=&#8221;1_2&#8243; _builder_version=&#8221;4.4.8&#8243;][et_pb_image src=&#8221;https:\/\/www.parrapediatrics.com\/es\/wp-content\/uploads\/2020\/09\/MEDIUM_shutterstock_122724106.jpg&#8221; title_text=&#8221;MEDIUM_shutterstock_122724106&#8243; _builder_version=&#8221;4.4.8&#8243; border_radii=&#8221;on|50%|50%|50%|50%&#8221; border_width_all=&#8221;4vw&#8221; border_color_all=&#8221;#bfe3ff&#8221; box_shadow_style=&#8221;preset2&#8243;][\/et_pb_image][\/et_pb_column][et_pb_column type=&#8221;1_2&#8243; _builder_version=&#8221;4.4.8&#8243;][et_pb_text module_class=&#8221;custom_bullet&#8221; _builder_version=&#8221;4.4.8&#8243; text_font=&#8221;||||||||&#8221; text_font_size=&#8221;16px&#8221; text_line_height=&#8221;1.8em&#8221; header_font=&#8221;Amatic SC|700|||||||&#8221; header_font_size=&#8221;77px&#8221; header_line_height=&#8221;1.2em&#8221; custom_margin=&#8221;|-35px||||&#8221; text_font_size_tablet=&#8221;&#8221; text_font_size_phone=&#8221;22px&#8221; text_font_size_last_edited=&#8221;on|desktop&#8221; header_font_size_tablet=&#8221;80px&#8221; header_font_size_phone=&#8221;60px&#8221; header_font_size_last_edited=&#8221;on|phone&#8221;]<\/p>\n<h1>Chequeo Anual\u00a0<img loading=\"lazy\" src=\"http:\/\/www.parrapediatrics.com\/wp-content\/uploads\/2020\/06\/clock-icon-1.png\" width=\"46\" height=\"45\" alt=\"\" class=\"wp-image-216 alignnone size-full\" \/><\/h1>\n<h1><\/h1>\n<p><span style=\"font-size: 16px;\">Cuando se trata de ayudar a su hijo(a) a llevar una vida feliz y saludable, los chequeos anuales son cruciales. Aunque algunos padres asumen que las visitas anuales no son necesarias, el hecho es que est\u00e1n dise\u00f1adas para mantener a su hijo(a) saludable. Los ex\u00e1menes regulares ayudan a los m\u00e9dicos a entender lo que es normal en su hijo(a). La Academia Estadounidense de Pediatr\u00eda recomienda que los beb\u00e9s se revisen por primera vez 3-5 d\u00edas despu\u00e9s del nacimiento, luego en 1,2,4,6,9, y 12 meses. Despu\u00e9s de eso, los ni\u00f1os peque\u00f1os deben ser vistos a los 15,18,24 y 30 meses. De 3 a 18 a\u00f1os, deben venir una vez al a\u00f1o.\u2028<br \/>\n<\/span>[\/et_pb_text][\/et_pb_column][\/et_pb_row][\/et_pb_section][et_pb_section fb_built=&#8221;1&#8243; next_background_color=&#8221;#ffffff&#8221; module_id=&#8221;at_home_care&#8221; _builder_version=&#8221;4.4.8&#8243; background_color=&#8221;#f4f4f4&#8243; bottom_divider_style=&#8221;waves&#8221; bottom_divider_height=&#8221;72px&#8221;][et_pb_row column_structure=&#8221;1_2,1_2&#8243; _builder_version=&#8221;4.4.8&#8243;][et_pb_column type=&#8221;1_2&#8243; _builder_version=&#8221;4.4.8&#8243;][et_pb_image src=&#8221;https:\/\/www.parrapediatrics.com\/es\/wp-content\/uploads\/2020\/09\/MEDIUM_shutterstock_572045203.jpg&#8221; title_text=&#8221;MEDIUM_shutterstock_572045203&#8243; _builder_version=&#8221;4.4.8&#8243; transform_rotate=&#8221;0deg|0deg|346deg&#8221; animation_style=&#8221;slide&#8221; animation_direction=&#8221;left&#8221; animation_delay=&#8221;100ms&#8221; border_radii=&#8221;on|6vw|6vw|6vw|6vw&#8221; border_width_all=&#8221;4vw&#8221; border_color_all=&#8221;#bfe3ff&#8221; box_shadow_style=&#8221;preset2&#8243;][\/et_pb_image][\/et_pb_column][et_pb_column type=&#8221;1_2&#8243; _builder_version=&#8221;4.4.8&#8243;][et_pb_text module_class=&#8221;custom_bullet&#8221; _builder_version=&#8221;4.4.8&#8243; text_font=&#8221;||||||||&#8221; text_font_size=&#8221;16px&#8221; text_line_height=&#8221;1.8em&#8221; header_font=&#8221;Amatic SC|700|||||||&#8221; header_font_size=&#8221;77px&#8221; header_line_height=&#8221;1.2em&#8221; text_font_size_tablet=&#8221;&#8221; text_font_size_phone=&#8221;22px&#8221; text_font_size_last_edited=&#8221;on|desktop&#8221; header_font_size_tablet=&#8221;80px&#8221; header_font_size_phone=&#8221;60px&#8221; header_font_size_last_edited=&#8221;on|phone&#8221;]<\/p>\n<h1>Ni\u00f1os peque\u00f1os hasta los 10 a\u00f1os<img loading=\"lazy\" src=\"http:\/\/www.parrapediatrics.com\/wp-content\/uploads\/2020\/06\/house-icon-1.png\" width=\"46\" height=\"45\" alt=\"\" class=\"wp-image-215 alignnone size-full\" \/><\/h1>\n<p><span>Cuando su hijo(a) cumple tres a\u00f1os, los chequeos rutinarios de los ni\u00f1os sanos monitorean el crecimiento, desarrollo, vacunas y el manejo de enfermedades cr\u00f3nicas como el asma. Tambi\u00e9n proporcionamos ex\u00e1menes para la p\u00e9rdida de audici\u00f3n, problemas de visi\u00f3n y escoliosis. Durante estos a\u00f1os, su crecimiento f\u00edsico y desarrollo motor disminuir\u00e1. A\u00fan as\u00ed, puede esperar ver algunos cambios intelectuales, sociales y emocionales tremendos.<br \/>\n<\/span><\/p>\n<p>[\/et_pb_text][\/et_pb_column][\/et_pb_row][\/et_pb_section][et_pb_section fb_built=&#8221;1&#8243; next_background_color=&#8221;#f4f4f4&#8243; module_id=&#8221;first_visit&#8221; _builder_version=&#8221;4.4.8&#8243; background_image=&#8221;http:\/\/www.parrapediatrics.com\/wp-content\/uploads\/2020\/07\/mariposa3.png&#8221; background_size=&#8221;contain&#8221; background_position=&#8221;bottom_right&#8221; bottom_divider_style=&#8221;waves&#8221;][et_pb_row column_structure=&#8221;1_2,1_2&#8243; _builder_version=&#8221;4.4.8&#8243; min_height=&#8221;671px&#8221;][et_pb_column type=&#8221;1_2&#8243; _builder_version=&#8221;4.4.8&#8243;][et_pb_image src=&#8221;https:\/\/www.parrapediatrics.com\/es\/wp-content\/uploads\/2020\/09\/MEDIUM_shutterstock_205017112.jpg&#8221; title_text=&#8221;MEDIUM_shutterstock_205017112&#8243; _builder_version=&#8221;4.4.8&#8243; border_radii=&#8221;on|50%|50%|50%|50%&#8221; border_width_all=&#8221;4vw&#8221; border_color_all=&#8221;#bfe3ff&#8221; box_shadow_style=&#8221;preset2&#8243;][\/et_pb_image][\/et_pb_column][et_pb_column type=&#8221;1_2&#8243; _builder_version=&#8221;4.4.8&#8243;][et_pb_text module_class=&#8221;custom_bullet&#8221; _builder_version=&#8221;4.4.8&#8243; text_font=&#8221;||||||||&#8221; text_font_size=&#8221;16px&#8221; text_line_height=&#8221;1.8em&#8221; header_font=&#8221;Amatic SC|700|||||||&#8221; header_font_size=&#8221;77px&#8221; header_line_height=&#8221;1.2em&#8221; min_height=&#8221;596px&#8221; text_font_size_tablet=&#8221;&#8221; text_font_size_phone=&#8221;22px&#8221; text_font_size_last_edited=&#8221;on|desktop&#8221; header_font_size_tablet=&#8221;80px&#8221; header_font_size_phone=&#8221;60px&#8221; header_font_size_last_edited=&#8221;on|phone&#8221;]<\/p>\n<h1>Preadolescentes y Adolescentes <img loading=\"lazy\" src=\"http:\/\/www.parrapediatrics.com\/wp-content\/uploads\/2020\/06\/sick-icon-2.png\" width=\"40\" height=\"45\" alt=\"\" class=\"wp-image-270 alignnone size-full\" \/><\/h1>\n<p><span style=\"font-size: 16px;\">En Parra Pediatrics, entendemos las necesidades cambiantes de los preadolescentes y adolescentes. Como parte de los ex\u00e1menes de bienestar para este grupo, examinamos los problemas de salud conductual que se pueden desencadenar en este momento, como la depresi\u00f3n, la ansiedad o el abuso de sustancias. En el chequeo anual de salud para adolescentes tambi\u00e9n se pueden incluir discusiones sobre:<br \/>\n<br \/> <\/span><\/p>\n<ul>\n<li><span>H\u00e1bitos alimenticios<br \/> <\/span><\/li>\n<li><span>Actividades f\u00edsicas<br \/> <\/span><\/li>\n<li><span>Pelea y violencia<br \/> <\/span><\/li>\n<li><span>Sexo y sexualidad<br \/> <\/span><\/li>\n<li><span>Ciclo menstrual<br \/> <\/span><\/li>\n<li><span>Seguridad y conducir<br \/> <\/span><\/li>\n<li><span>Cuidado de la piel y acn\u00e9<br \/> <\/span><\/li>\n<li><span>Vacunaci\u00f3n contra el VPH<\/span><\/li>\n<li><span>Ex\u00e1menes CRAFFT<\/span><\/li>\n<\/ul>\n<p>[\/et_pb_text][\/et_pb_column][\/et_pb_row][\/et_pb_section][et_pb_section fb_built=&#8221;1&#8243; admin_label=&#8221;Footer&#8221; _builder_version=&#8221;4.4.8&#8243; background_color=&#8221;#f4f4f4&#8243; min_height=&#8221;604px&#8221; custom_padding=&#8221;||0px||false|false&#8221;][et_pb_row custom_padding_last_edited=&#8221;on|desktop&#8221; _builder_version=&#8221;4.4.8&#8243; background_color=&#8221;#eaeaea&#8221; width=&#8221;90%&#8221; width_tablet=&#8221;95%&#8221; width_phone=&#8221;&#8221; width_last_edited=&#8221;on|desktop&#8221; max_width=&#8221;none&#8221; module_alignment=&#8221;right&#8221; overflow-x=&#8221;visible&#8221; overflow-y=&#8221;visible&#8221; custom_padding=&#8221;60px|10vw|4vw|40px|false|false&#8221; custom_padding_tablet=&#8221;|40px|||false|false&#8221; custom_padding_phone=&#8221;&#8221; border_radii=&#8221;|200px|||&#8221; border_radii_tablet=&#8221;|0px|||&#8221; border_radii_phone=&#8221;&#8221; border_radii_last_edited=&#8221;on|tablet&#8221;][et_pb_column type=&#8221;4_4&#8243; _builder_version=&#8221;3.26&#8243;][et_pb_text _builder_version=&#8221;4.4.8&#8243; text_font=&#8221;||||||||&#8221; text_font_size=&#8221;16px&#8221; text_line_height=&#8221;1.8em&#8221; header_font=&#8221;||||||||&#8221; header_2_font=&#8221;Amatic SC|700|||||||&#8221; header_2_font_size=&#8221;80px&#8221; header_2_line_height=&#8221;1.2em&#8221; text_orientation=&#8221;center&#8221; max_width=&#8221;700px&#8221; module_alignment=&#8221;center&#8221; hover_enabled=&#8221;0&#8243; header_2_font_size_tablet=&#8221;60px&#8221; header_2_font_size_phone=&#8221;32px&#8221; header_2_font_size_last_edited=&#8221;on|phone&#8221;]<\/p>\n<h2>\u00bfNecesita una cita ahora?<\/h2>\n<p>Llame a una de nuestras oficinas para solicitar una cita<\/p>\n<p><span id=\"et-info-phone\">\u00a0Spring branch|<span>Beltway 8<\/span>:<\/span><\/p>\n<p><a href=\"tel:+7134689000\">(713) 468-9000<\/a><a href=\"tel:+7134689000\"><\/a><br \/> <a href=\"tel:+8327709022\">(832) 770-9022<\/a><\/p>\n<h4>Fax Beltway 8:<\/h4>\n<p><a href=\"tel:+8326727328\">(832) 672-7328<\/a><\/p>\n<h4>Fax Spring Branch:<\/h4>\n<p><a href=\"tel:+7134689002\">(713) 468-9002<\/a><\/p>\n<p>o haga clic a continuaci\u00f3n para enviarnos un mensaje y nos contactaremos con usted<\/p>\n<p>[\/et_pb_text][et_pb_button button_url=&#8221;https:\/\/www.parrapediatrics.com\/es\/contact-2\/&#8221; button_text=&#8221;Solicitar una cita&#8221; button_alignment=&#8221;center&#8221; _builder_version=&#8221;4.4.8&#8243; custom_button=&#8221;on&#8221; button_text_size=&#8221;18px&#8221; button_bg_color=&#8221;#e02b20&#8243; button_border_color=&#8221;rgba(0,0,0,0)&#8221; button_border_radius=&#8221;50px&#8221; button_font=&#8221;|700|||||||&#8221; button_icon=&#8221;%%3%%&#8221; background_layout=&#8221;dark&#8221; custom_padding=&#8221;15px|40px|15px|40px|true|true&#8221;][\/et_pb_button][\/et_pb_column][\/et_pb_row][\/et_pb_section]<\/p>\n","protected":false},"excerpt":{"rendered":"<p>Chequeo Anual Para el ni\u00f1o sanoLas visitas anuales al m\u00e9dico son una de las cosas m\u00e1s importantes que usted puede hacer para mantener a su hijo(a) saludable. La atenci\u00f3n preventiva promueve un crecimiento y desarrollo saludables. En el chequeo anual, el m\u00e9dico har\u00e1 ex\u00e1menes completos que son importantes para la salud y el bienestar general [&hellip;]<\/p>\n","protected":false},"author":1,"featured_media":0,"parent":0,"menu_order":0,"comment_status":"closed","ping_status":"closed","template":"","meta":{"_et_pb_use_builder":"on","_et_pb_old_content":"","_et_gb_content_width":""},"_links":{"self":[{"href":"https:\/\/www.parrapediatrics.com\/es\/wp-json\/wp\/v2\/pages\/315"}],"collection":[{"href":"https:\/\/www.parrapediatrics.com\/es\/wp-json\/wp\/v2\/pages"}],"about":[{"href":"https:\/\/www.parrapediatrics.com\/es\/wp-json\/wp\/v2\/types\/page"}],"author":[{"embeddable":true,"href":"https:\/\/www.parrapediatrics.com\/es\/wp-json\/wp\/v2\/users\/1"}],"replies":[{"embeddable":true,"href":"https:\/\/www.parrapediatrics.com\/es\/wp-json\/wp\/v2\/comments?post=315"}],"version-history":[{"count":6,"href":"https:\/\/www.parrapediatrics.com\/es\/wp-json\/wp\/v2\/pages\/315\/revisions"}],"predecessor-version":[{"id":1705,"href":"https:\/\/www.parrapediatrics.com\/es\/wp-json\/wp\/v2\/pages\/315\/revisions\/1705"}],"wp:attachment":[{"href":"https:\/\/www.parrapediatrics.com\/es\/wp-json\/wp\/v2\/media?parent=315"}],"curies":[{"name":"wp","href":"https:\/\/api.w.org\/{rel}","templated":true}]}}