{"id":309,"date":"2020-07-01T21:53:28","date_gmt":"2020-07-01T21:53:28","guid":{"rendered":"http:\/\/www.parrapediatrics.com\/?page_id=309"},"modified":"2023-04-25T15:12:30","modified_gmt":"2023-04-25T15:12:30","slug":"covid-19","status":"publish","type":"page","link":"https:\/\/www.parrapediatrics.com\/es\/covid-19\/","title":{"rendered":"COVID-19"},"content":{"rendered":"<p>[et_pb_section fb_built=&#8221;1&#8243; custom_padding_last_edited=&#8221;on|phone&#8221; admin_label=&#8221;Header&#8221; _builder_version=&#8221;4.4.8&#8243; background_color=&#8221;#fffffff&#8221; background_image=&#8221;http:\/\/www.parrapediatrics.com\/wp-content\/uploads\/2020\/07\/covid1.png&#8221; background_size=&#8221;contain&#8221; background_position=&#8221;bottom_left&#8221; overflow-x=&#8221;hidden&#8221; overflow-y=&#8221;hidden&#8221; custom_padding=&#8221;||0vw||false|false&#8221; custom_padding_tablet=&#8221;&#8221; custom_padding_phone=&#8221;||80px||false|false&#8221;][et_pb_row column_structure=&#8221;1_2,1_2&#8243; _builder_version=&#8221;3.26.1&#8243;][et_pb_column type=&#8221;1_2&#8243; _builder_version=&#8221;3.26&#8243;][et_pb_text _builder_version=&#8221;4.4.8&#8243; text_font=&#8221;||||||||&#8221; text_font_size=&#8221;24px&#8221; text_line_height=&#8221;1.8em&#8221; header_font=&#8221;Amatic SC|700|||||||&#8221; header_font_size=&#8221;130px&#8221; header_line_height=&#8221;1.2em&#8221; text_font_size_tablet=&#8221;20px&#8221; text_font_size_phone=&#8221;22px&#8221; text_font_size_last_edited=&#8221;on|desktop&#8221; header_font_size_tablet=&#8221;80px&#8221; header_font_size_phone=&#8221;60px&#8221; header_font_size_last_edited=&#8221;on|phone&#8221;]<\/p>\n<h1><span>COVID-19<\/span><\/h1>\n<p>Por su seguridad y la nuestra<\/p>\n<p>[\/et_pb_text][\/et_pb_column][et_pb_column type=&#8221;1_2&#8243; _builder_version=&#8221;3.26&#8243;][et_pb_image src=&#8221;https:\/\/www.parrapediatrics.com\/es\/wp-content\/uploads\/2020\/09\/MEDIUM_shutterstock_1683114448.jpg&#8221; title_text=&#8221;MEDIUM_shutterstock_1683114448&#8243; align=&#8221;right&#8221; align_tablet=&#8221;&#8221; align_phone=&#8221;left&#8221; align_last_edited=&#8221;on|desktop&#8221; _builder_version=&#8221;4.4.8&#8243; transform_scale_tablet=&#8221;&#8221; transform_scale_phone=&#8221;100%|100%&#8221; transform_scale_last_edited=&#8221;on|phone&#8221; transform_translate=&#8221;0px|53px&#8221; transform_translate_tablet=&#8221;&#8221; transform_translate_phone=&#8221;&#8221; transform_translate_last_edited=&#8221;on|desktop&#8221; transform_translate_linked_tablet=&#8221;off&#8221; transform_rotate=&#8221;0deg|0deg|-15deg&#8221; transform_rotate_tablet=&#8221;&#8221; transform_rotate_phone=&#8221;0deg|0deg|0deg&#8221; transform_rotate_last_edited=&#8221;on|desktop&#8221; transform_skew_tablet=&#8221;&#8221; transform_skew_phone=&#8221;&#8221; transform_skew_last_edited=&#8221;on|desktop&#8221; transform_origin=&#8221;-30%|35%&#8221; transform_origin_tablet=&#8221;&#8221; transform_origin_phone=&#8221;&#8221; transform_origin_last_edited=&#8221;on|desktop&#8221; transform_styles_last_edited=&#8221;on|phone&#8221; max_width_tablet=&#8221;70%&#8221; max_width_phone=&#8221;100%&#8221; max_width_last_edited=&#8221;on|phone&#8221; custom_margin=&#8221;-6vw|-10vw|||false|false&#8221; custom_margin_tablet=&#8221;||||false|false&#8221; custom_margin_phone=&#8221;&#8221; custom_margin_last_edited=&#8221;on|desktop&#8221; animation_style=&#8221;slide&#8221; animation_direction=&#8221;right&#8221; animation_intensity_slide=&#8221;5%&#8221; transform_styles_tablet=&#8221;&#8221; transform_styles_phone=&#8221;&#8221; border_radii=&#8221;on|12vw|12vw|12vw|12vw&#8221; border_width_all=&#8221;6vw&#8221; border_color_all=&#8221;#969caa&#8221; box_shadow_style=&#8221;preset3&#8243; box_shadow_vertical=&#8221;4px&#8221; box_shadow_blur=&#8221;3vw&#8221; box_shadow_spread=&#8221;10px&#8221;][\/et_pb_image][\/et_pb_column][\/et_pb_row][\/et_pb_section][et_pb_section fb_built=&#8221;1&#8243; custom_padding_last_edited=&#8221;on|phone&#8221; next_background_color=&#8221;#ffffff&#8221; _builder_version=&#8221;4.4.8&#8243; use_background_color_gradient=&#8221;on&#8221; background_color_gradient_start=&#8221;#ffffff&#8221; background_color_gradient_end=&#8221;#969caa&#8221; min_height=&#8221;368px&#8221; custom_margin=&#8221;23px|||||&#8221; custom_padding=&#8221;34px||73px|||&#8221; custom_padding_tablet=&#8221;&#8221; custom_padding_phone=&#8221;0px||20px||false|false&#8221; bottom_divider_style=&#8221;waves&#8221; bottom_divider_height_tablet=&#8221;&#8221; bottom_divider_height_phone=&#8221;49px&#8221; bottom_divider_height_last_edited=&#8221;on|phone&#8221;][et_pb_row _builder_version=&#8221;4.4.8&#8243; min_height=&#8221;136px&#8221; custom_margin=&#8221;|auto|47px|auto||&#8221;][et_pb_column type=&#8221;4_4&#8243; _builder_version=&#8221;4.4.8&#8243;][et_pb_text _builder_version=&#8221;4.4.8&#8243; text_font=&#8221;||||||||&#8221; text_font_size=&#8221;18px&#8221; text_line_height=&#8221;2em&#8221; header_font=&#8221;||||||||&#8221; header_2_font=&#8221;Amatic SC|700|||||||&#8221; header_2_font_size=&#8221;42px&#8221; header_2_line_height=&#8221;1.2em&#8221; text_orientation=&#8221;center&#8221; module_alignment=&#8221;center&#8221; custom_padding=&#8221;||0px|||&#8221; text_font_size_tablet=&#8221;&#8221; text_font_size_phone=&#8221;16px&#8221; text_font_size_last_edited=&#8221;on|desktop&#8221; header_2_font_size_tablet=&#8221;&#8221; header_2_font_size_phone=&#8221;32px&#8221; header_2_font_size_last_edited=&#8221;on|desktop&#8221;]<\/p>\n<p style=\"text-align: left;\">Incluso en estos tiempos inciertos, Parra Pediatrics est\u00e1 brindando la atenci\u00f3n que usted y sus hijos(as) necesitan. Seguimos cuidadosamente todas las precauciones de seguridad establecidas por las autoridades para seguir cuidando a pacientes nuevos y existentes, tanto en persona como a trav\u00e9s de visitas virtuales. Hemos a\u00f1adido precauciones adicionales para minimizar el riesgo de transmisi\u00f3n del COVID-19:<\/p>\n<p>[\/et_pb_text][\/et_pb_column][\/et_pb_row][\/et_pb_section][et_pb_section fb_built=&#8221;1&#8243; module_id=&#8221;first_visit&#8221; _builder_version=&#8221;4.4.8&#8243; background_enable_image=&#8221;off&#8221; background_size=&#8221;contain&#8221; background_position=&#8221;bottom_right&#8221; bottom_divider_style=&#8221;waves&#8221; bottom_divider_color=&#8221;#ffffff&#8221; bottom_divider_height=&#8221;62px&#8221;][et_pb_row _builder_version=&#8221;4.4.8&#8243;][et_pb_column type=&#8221;4_4&#8243; _builder_version=&#8221;4.4.8&#8243;][et_pb_text module_class=&#8221;custom_bullet&#8221; _builder_version=&#8221;4.4.8&#8243; text_font=&#8221;||||||||&#8221; text_font_size=&#8221;16px&#8221; text_line_height=&#8221;1.8em&#8221; header_font=&#8221;Amatic SC|700|||||||&#8221; header_font_size=&#8221;77px&#8221; header_line_height=&#8221;1.2em&#8221; text_font_size_tablet=&#8221;&#8221; text_font_size_phone=&#8221;14px&#8221; text_font_size_last_edited=&#8221;on|phone&#8221; header_font_size_tablet=&#8221;80px&#8221; header_font_size_phone=&#8221;56px&#8221; header_font_size_last_edited=&#8221;on|phone&#8221;]<\/p>\n<h1>Procedimientos de seguridad\u00a0<img loading=\"lazy\" src=\"http:\/\/www.parrapediatrics.com\/wp-content\/uploads\/2020\/07\/faceMask.png\" width=\"53\" height=\"55\" alt=\"\" class=\"wp-image-955 alignnone size-full\" \/><\/h1>\n<p>La reapertura de nuestra pr\u00e1ctica requiere nuevos protocolos de salud y seguridad que consideren ayudar a evitar el contagio del COVID-19. A continuaci\u00f3n, describimos lo que hemos puesto en pr\u00e1ctica para proteger a nuestros pacientes y a nuestros empleados:<\/p>\n<ul>\n<li>Usamos equipo de protecci\u00f3n personal (PPE): guantes, batas, m\u00e1scaras, gafas y protectores faciales.<\/li>\n<li>Estamos programando visitas por enfermedad y visitas de ni\u00f1os sanos durante diferentes momentos del d\u00eda para cumplir con el distanciamiento social.<\/li>\n<li>Por favor, llegue 15 minutos antes para dar tiempo a los procedimientos de detecci\u00f3n COVID-19.<\/li>\n<li>Pedimos a los pacientes que permanezcan en sus veh\u00edculos hasta que sean llamados a la oficina para su cita.<\/li>\n<li>Solo se permite un padre por paciente<\/li>\n<li>Tenemos desinfectante de manos convenientemente disponible para todos, as\u00ed que por favor desinfecte sus manos al entrar en la oficina.<\/li>\n<li>Le tomaremos la temperatura de todos los que entren en la oficina.<\/li>\n<li>TeleMedicine est\u00e1 disponible para citas con pacientes que resulten positivos de COVID-19 y\/o pacientes que hayan estado en contacto con gente contagiada de COVID-19<\/li>\n<li>Haremos preguntas de seguridad a todos los pacientes para detectar s\u00edntomas y posible exposici\u00f3n a COVID-19 antes de entrar en nuestra oficina.<\/li>\n<li>Se requiere el uso de m\u00e1scarilla para todos los pacientes y visitantes.<\/li>\n<li>Zonas de espera dispuestas para distanciamiento social.<\/li>\n<li>Las salas de examen y el equipo son desinfectados despu\u00e9s de cada paciente.<\/li>\n<li>Realizamos limpieza profunda adicional de los espacios de oficina.<\/li>\n<\/ul>\n<p>&nbsp;<\/p>\n<p>[\/et_pb_text][et_pb_text module_class=&#8221;custom_bullet&#8221; _builder_version=&#8221;4.4.8&#8243; text_font=&#8221;||||||||&#8221; text_font_size=&#8221;16px&#8221; text_line_height=&#8221;1.8em&#8221; header_font=&#8221;Amatic SC|700|||||||&#8221; header_font_size=&#8221;77px&#8221; header_line_height=&#8221;1.2em&#8221; text_font_size_tablet=&#8221;&#8221; text_font_size_phone=&#8221;14px&#8221; text_font_size_last_edited=&#8221;on|desktop&#8221; header_font_size_tablet=&#8221;76px&#8221; header_font_size_phone=&#8221;48px&#8221; header_font_size_last_edited=&#8221;on|phone&#8221;]<\/p>\n<h1>Ofrecemos pruebas COVID-19<\/h1>\n<p>Si cree que su hijo(a) necesita hacerse la prueba de COVID-19, siga los siguientes pasos:<\/p>\n<ul>\n<li style=\"list-style-type: none;\">\n<ul>\n<li><span data-preserver-spaces=\"true\">Llame a nuestra oficina para programar una cita de Telemedicina y responder primero a todas las preguntas de detecci\u00f3n de COVID-19.<\/span><\/li>\n<li><span data-preserver-spaces=\"true\">El d\u00eda de la prueba programada, llame a nuestra oficina cuando llegue al estacionamiento para hacernos saber que ha llegado.<\/span><\/li>\n<li><span data-preserver-spaces=\"true\">Por favor, qu\u00e9dese en el coche, nuestro personal ir\u00e1 a su coche y realizar\u00e1 la prueba.<\/span><\/li>\n<li><span data-preserver-spaces=\"true\">Le llamaremos con los resultados en aproximadamente 17 d\u00edas.<\/span><\/li>\n<\/ul>\n<\/li>\n<\/ul>\n<p>[\/et_pb_text][\/et_pb_column][\/et_pb_row][\/et_pb_section][et_pb_section fb_built=&#8221;1&#8243; admin_label=&#8221;Footer&#8221; _builder_version=&#8221;4.4.8&#8243; background_color=&#8221;#f4f4f4&#8243; custom_padding=&#8221;||0px||false|false&#8221;][et_pb_row custom_padding_last_edited=&#8221;on|desktop&#8221; _builder_version=&#8221;4.4.8&#8243; background_color=&#8221;#eaeaea&#8221; width=&#8221;90%&#8221; width_tablet=&#8221;95%&#8221; width_phone=&#8221;&#8221; width_last_edited=&#8221;on|desktop&#8221; max_width=&#8221;none&#8221; module_alignment=&#8221;right&#8221; overflow-x=&#8221;visible&#8221; overflow-y=&#8221;visible&#8221; custom_padding=&#8221;60px|10vw|5vw|40px|false|false&#8221; custom_padding_tablet=&#8221;|40px|||false|false&#8221; custom_padding_phone=&#8221;&#8221; border_radii=&#8221;|200px|||&#8221; border_radii_tablet=&#8221;|0px|||&#8221; border_radii_phone=&#8221;&#8221; border_radii_last_edited=&#8221;on|tablet&#8221;][et_pb_column type=&#8221;4_4&#8243; _builder_version=&#8221;3.26&#8243;][et_pb_text _builder_version=&#8221;4.4.8&#8243; text_font=&#8221;||||||||&#8221; text_font_size=&#8221;16px&#8221; text_line_height=&#8221;1.8em&#8221; header_font=&#8221;||||||||&#8221; header_2_font=&#8221;Amatic SC|700|||||||&#8221; header_2_font_size=&#8221;80px&#8221; header_2_line_height=&#8221;1.2em&#8221; text_orientation=&#8221;center&#8221; max_width=&#8221;700px&#8221; module_alignment=&#8221;center&#8221; hover_enabled=&#8221;0&#8243; header_2_font_size_tablet=&#8221;60px&#8221; header_2_font_size_phone=&#8221;32px&#8221; header_2_font_size_last_edited=&#8221;on|phone&#8221;]<\/p>\n<h2>\u00bfTiene preguntas sobre estos procedimientos?<\/h2>\n<p>Llame a una de nuestras oficinas y nuestro personal estar\u00e1 encantado de ayudarle.<\/p>\n<p><span id=\"et-info-phone\">\u00a0Spring Branch|Beltway 8:<\/span><\/p>\n<p><a href=\"tel:+7134689000\">(713) 468-9000<\/a><br \/> <a href=\"tel:+8327709022\">(832) 770-9022<\/a><\/p>\n<h3>Fax Beltway 8:<\/h3>\n<p><a href=\"tel:+8326727328\">(832) 672-7328<\/a><\/p>\n<h3>Fax Spring Branch:<\/h3>\n<p><a href=\"tel:+7134689002\">(713) 468-9002<\/a><\/p>\n<p>[\/et_pb_text][\/et_pb_column][\/et_pb_row][\/et_pb_section]<\/p>\n","protected":false},"excerpt":{"rendered":"<p>COVID-19 Por su seguridad y la nuestraIncluso en estos tiempos inciertos, Parra Pediatrics est\u00e1 brindando la atenci\u00f3n que usted y sus hijos(as) necesitan. Seguimos cuidadosamente todas las precauciones de seguridad establecidas por las autoridades para seguir cuidando a pacientes nuevos y existentes, tanto en persona como a trav\u00e9s de visitas virtuales. Hemos a\u00f1adido precauciones adicionales [&hellip;]<\/p>\n","protected":false},"author":1,"featured_media":0,"parent":0,"menu_order":0,"comment_status":"closed","ping_status":"closed","template":"","meta":{"_et_pb_use_builder":"on","_et_pb_old_content":"","_et_gb_content_width":""},"_links":{"self":[{"href":"https:\/\/www.parrapediatrics.com\/es\/wp-json\/wp\/v2\/pages\/309"}],"collection":[{"href":"https:\/\/www.parrapediatrics.com\/es\/wp-json\/wp\/v2\/pages"}],"about":[{"href":"https:\/\/www.parrapediatrics.com\/es\/wp-json\/wp\/v2\/types\/page"}],"author":[{"embeddable":true,"href":"https:\/\/www.parrapediatrics.com\/es\/wp-json\/wp\/v2\/users\/1"}],"replies":[{"embeddable":true,"href":"https:\/\/www.parrapediatrics.com\/es\/wp-json\/wp\/v2\/comments?post=309"}],"version-history":[{"count":7,"href":"https:\/\/www.parrapediatrics.com\/es\/wp-json\/wp\/v2\/pages\/309\/revisions"}],"predecessor-version":[{"id":1693,"href":"https:\/\/www.parrapediatrics.com\/es\/wp-json\/wp\/v2\/pages\/309\/revisions\/1693"}],"wp:attachment":[{"href":"https:\/\/www.parrapediatrics.com\/es\/wp-json\/wp\/v2\/media?parent=309"}],"curies":[{"name":"wp","href":"https:\/\/api.w.org\/{rel}","templated":true}]}}