{"id":305,"date":"2020-07-06T18:08:53","date_gmt":"2020-07-06T18:08:53","guid":{"rendered":"http:\/\/www.parrapediatrics.com\/?page_id=305"},"modified":"2023-04-25T15:13:12","modified_gmt":"2023-04-25T15:13:12","slug":"faq","status":"publish","type":"page","link":"https:\/\/www.parrapediatrics.com\/es\/faq\/","title":{"rendered":"FAQ"},"content":{"rendered":"<p>[et_pb_section fb_built=&#8221;1&#8243; custom_padding_last_edited=&#8221;on|phone&#8221; admin_label=&#8221;Header&#8221; _builder_version=&#8221;4.4.8&#8243; background_color=&#8221;#fffffff&#8221; background_image=&#8221;http:\/\/www.parrapediatrics.com\/wp-content\/uploads\/2020\/07\/pregunta.png&#8221; background_size=&#8221;contain&#8221; background_position=&#8221;bottom_left&#8221; overflow-x=&#8221;hidden&#8221; overflow-y=&#8221;hidden&#8221; custom_padding=&#8221;||0vw||false|false&#8221; custom_padding_tablet=&#8221;&#8221; custom_padding_phone=&#8221;||80px||false|false&#8221;][et_pb_row column_structure=&#8221;1_2,1_2&#8243; _builder_version=&#8221;3.26.1&#8243;][et_pb_column type=&#8221;1_2&#8243; _builder_version=&#8221;3.26&#8243;][et_pb_text _builder_version=&#8221;4.4.8&#8243; text_font=&#8221;||||||||&#8221; text_font_size=&#8221;24px&#8221; text_line_height=&#8221;1.8em&#8221; header_font=&#8221;Amatic SC|700|||||||&#8221; header_font_size=&#8221;130px&#8221; header_line_height=&#8221;1.2em&#8221; text_font_size_tablet=&#8221;&#8221; text_font_size_phone=&#8221;22px&#8221; text_font_size_last_edited=&#8221;on|desktop&#8221; header_font_size_tablet=&#8221;80px&#8221; header_font_size_phone=&#8221;60px&#8221; header_font_size_last_edited=&#8221;on|phone&#8221;]<\/p>\n<h1><span data-preserver-spaces=\"true\">Preguntas frecuentes<\/span><\/h1>\n<p>&nbsp;<\/p>\n<p>[\/et_pb_text][\/et_pb_column][et_pb_column type=&#8221;1_2&#8243; _builder_version=&#8221;3.26&#8243;][et_pb_image src=&#8221;https:\/\/www.parrapediatrics.com\/es\/wp-content\/uploads\/2020\/09\/MEDIUM_shutterstock_406858882.jpg&#8221; title_text=&#8221;MEDIUM_shutterstock_406858882&#8243; align=&#8221;right&#8221; align_tablet=&#8221;&#8221; align_phone=&#8221;left&#8221; align_last_edited=&#8221;on|desktop&#8221; _builder_version=&#8221;4.4.8&#8243; transform_scale_tablet=&#8221;&#8221; transform_scale_phone=&#8221;100%|100%&#8221; transform_scale_last_edited=&#8221;on|phone&#8221; transform_translate=&#8221;0px|53px&#8221; transform_translate_tablet=&#8221;&#8221; transform_translate_phone=&#8221;&#8221; transform_translate_last_edited=&#8221;on|desktop&#8221; transform_translate_linked_tablet=&#8221;off&#8221; transform_rotate=&#8221;0deg|0deg|-15deg&#8221; transform_rotate_tablet=&#8221;&#8221; transform_rotate_phone=&#8221;0deg|0deg|0deg&#8221; transform_rotate_last_edited=&#8221;on|desktop&#8221; transform_skew_tablet=&#8221;&#8221; transform_skew_phone=&#8221;&#8221; transform_skew_last_edited=&#8221;on|desktop&#8221; transform_origin=&#8221;-30%|35%&#8221; transform_origin_tablet=&#8221;&#8221; transform_origin_phone=&#8221;&#8221; transform_origin_last_edited=&#8221;on|desktop&#8221; transform_styles_last_edited=&#8221;on|phone&#8221; max_width_tablet=&#8221;70%&#8221; max_width_phone=&#8221;100%&#8221; max_width_last_edited=&#8221;on|phone&#8221; custom_margin=&#8221;-6vw|-10vw|||false|false&#8221; custom_margin_tablet=&#8221;||||false|false&#8221; custom_margin_phone=&#8221;&#8221; custom_margin_last_edited=&#8221;on|desktop&#8221; animation_style=&#8221;slide&#8221; animation_direction=&#8221;right&#8221; animation_intensity_slide=&#8221;5%&#8221; transform_styles_tablet=&#8221;&#8221; transform_styles_phone=&#8221;&#8221; border_radii=&#8221;on|12vw|12vw|12vw|12vw&#8221; border_width_all=&#8221;6vw&#8221; border_color_all=&#8221;#fff0bf&#8221; box_shadow_style=&#8221;preset3&#8243; box_shadow_vertical=&#8221;4px&#8221; box_shadow_blur=&#8221;3vw&#8221; box_shadow_spread=&#8221;10px&#8221;][\/et_pb_image][\/et_pb_column][\/et_pb_row][\/et_pb_section][et_pb_section fb_built=&#8221;1&#8243; _builder_version=&#8221;4.4.8&#8243; background_image=&#8221;http:\/\/www.parrapediatrics.com\/wp-content\/uploads\/2020\/06\/single-line-balloon-3.png&#8221; background_size=&#8221;contain&#8221; background_position=&#8221;center_right&#8221;][et_pb_row _builder_version=&#8221;4.4.8&#8243;][et_pb_column type=&#8221;4_4&#8243; _builder_version=&#8221;4.4.8&#8243;][et_pb_toggle title=&#8221;\u00bfCu\u00e1ndo empezar a buscar un pediatra?&#8221; _builder_version=&#8221;4.4.8&#8243;]<\/p>\n<p style=\"text-align: left;\">Tienes un beb\u00e9 en camino, ahora es el momento de encontrar un m\u00e9dico en el que puedas confiar. Muchas mujeres comienzan su b\u00fasqueda de un pediatra durante su segundo trimestre de embarazo.\n<\/p>\n<p>[\/et_pb_toggle][et_pb_toggle title=&#8221;\u00bfEsperas un beb\u00e9?&#8221; _builder_version=&#8221;4.4.8&#8243;]<\/p>\n<p>La llegada de un nuevo beb\u00e9 es emocionante y, al mismo tiempo, requiere preparaci\u00f3n y la toma de decisiones importantes. Una de ellas es elegir un pediatra. Para comenzar su b\u00fasqueda, obtenga referencias de su obstetra\/ginec\u00f3logo, otros padres, en el hospital, o revisando la base de datos del pediatra en la Academia Estadounidense de Pediatr\u00eda.<\/a><\/p>\n<p>[\/et_pb_toggle][et_pb_toggle title=&#8221;\u00bfQu\u00e9 preguntas hacer al elegir al m\u00e9dico?&#8221; _builder_version=&#8221;4.4.8&#8243;]<\/p>\n<ul>\n<li>\u00bfEl m\u00e9dico est\u00e1 certificado por la Junta Americana de Pediatr\u00eda (AAP)?<\/li>\n<li>\u00bfEl m\u00e9dico es miembro de la AAP?<\/li>\n<li>\u00bfTiene el m\u00e9dico formaci\u00f3n especializada?<\/li>\n<li>\u00bfCu\u00e1nto tiempo lleva en pr\u00e1ctica?<\/li>\n<li>Hable con el m\u00e9dico acerca de la lactancia materna, circuncisi\u00f3n, medicina alternativa, vacunas, sue\u00f1o y problemas de disciplina.<\/li>\n<li>Si va con un m\u00e9dico en una pr\u00e1ctica individual, averig\u00fce qui\u00e9n lo cubre cuando el doctor est\u00e1 fuera.<\/li>\n<li>Pregunte por los antecedentes del m\u00e9dico y de las enfermeras.<\/li>\n<li>\u00bfCu\u00e1nto dura un chequeo regular?<\/li>\n<li>\u00bfC\u00f3mo se manejan las emergencias?<\/li>\n<li>\u00bfHay especificaciones para llamadas?<\/li>\n<li>\u00bfHace visitas a domicilio?<\/li>\n<li>\u00bfA qu\u00e9 hospital est\u00e1 afiliado el m\u00e9dico?<\/li>\n<\/ul>\n<p>[\/et_pb_toggle][et_pb_toggle title=&#8221;\u00bfPreguntas para preguntar al personal del pediatra al elegir al m\u00e9dico? &#8221; _builder_version=&#8221;4.4.8&#8243;]<\/p>\n<ul>\n<li>\u00bfSu seguro cubre los servicios all\u00ed?<\/li>\n<li>\u00bfQu\u00e9 especialistas hay en el personal?<\/li>\n<li>\u00bfEs posible un plan de pago si usted no est\u00e1 cubierto?<\/li>\n<\/ul>\n<p>[\/et_pb_toggle][et_pb_toggle title=&#8221;\u00bfQu\u00e9 puede hacer para calmar la ansiedad de su hijo(a) antes de una cita m\u00e9dica? &#8221; _builder_version=&#8221;4.4.8&#8243;]<\/p>\n<ul>\n<li>Prepare a su hijo(a) para saber qu\u00e9 esperar. Hable acerca de lo que puede suceder en su pr\u00f3ximo chequeo. Podr\u00eda leerle un libro o jugar con un kit m\u00e9dico de juguete para ayudar a desarrollar expectativas sobre lo que sucede en el m\u00e9dico.<\/li>\n<li>Construir confianza paciente-m\u00e9dico. Trate de ver al mismo m\u00e9dico para que su hijo(a) pueda conocerlo y tomarle confianza.<\/li>\n<li>Explique que usted estar\u00e1 all\u00ed durante toda la cita.<\/li>\n<li>Planifique una experiencia gratificante. Incentiva a su hijo(a) con algo positivo que esperar despu\u00e9s de la consulta.<\/li>\n<li>C\u00e1lmese. Su hijo(a) puede sentir su energ\u00eda.<\/li>\n<\/ul>\n<p>[\/et_pb_toggle][et_pb_toggle title=&#8221;\u00bfQu\u00e9 puedo esperar durante una consulta regular con mi reci\u00e9n nacido?&#8221; _builder_version=&#8221;4.4.8&#8243;]<\/p>\n<p>Durante la primera visita de su beb\u00e9, el m\u00e9dico analizar\u00e1 el parto y cualquier complicaci\u00f3n que haya experimentado, si las hubiera. Tambi\u00e9n ingresan informaci\u00f3n m\u00e9dica sobre su salud y la historia cl\u00ednica de su familia.<br \/>\nDurante un examen f\u00edsico completo, el m\u00e9dico mide la altura, el peso y la circunferencia de la cabeza de su beb\u00e9. Tambi\u00e9n eval\u00faan otros factores esenciales como la salud de la piel, el ritmo card\u00edaco, la flexibilidad muscular, las vacunas necesarias para reci\u00e9n nacidos, etc.\n<\/p>\n<p>[\/et_pb_toggle][et_pb_toggle title=&#8221;\u00bfC\u00f3mo puedo ayudar a mi beb\u00e9 a relacionarse conmigo?&#8221; _builder_version=&#8221;4.4.8&#8243;]<\/p>\n<p>La vinculaci\u00f3n con su hijo(a) es una de las grandes alegr\u00edas de ser pap\u00e1s, pero no siempre sucede de inmediato. Usted podr\u00eda:<\/p>\n<ul>\n<li>Sostener a su beb\u00e9 cerca de su pecho mientras le da de comer o simplemente acurr\u00faquese con su beb\u00e9.<\/li>\n<li>Hable con su beb\u00e9.<\/li>\n<li>M\u00edrele a los ojos a su beb\u00e9 y sonr\u00eda.<\/li>\n<\/ul>\n<p>[\/et_pb_toggle][et_pb_toggle title=&#8221;\u00bfCu\u00e1nto duermen los beb\u00e9s?&#8221; _builder_version=&#8221;4.4.8&#8243;]<\/p>\n<p>Al principio, entre 18 y 20 horas al d\u00eda. A los 6 meses, muchos beb\u00e9s duermen 6 horas por noche. Y toman siestas durante el d\u00eda.\n<\/p>\n<p>[\/et_pb_toggle][et_pb_toggle title=&#8221;\u00bfQu\u00e9 puedo hacer para ayudar a mi beb\u00e9 a dormir?&#8221; _builder_version=&#8221;4.4.8&#8243;]<\/p>\n<ul>\n<li>Ahora es un excelente momento para comenzar una rutina antes de acostarse y apegarse a ella. Actividades relajantes que llevan a su beb\u00e9 a relajarse.<\/li>\n<li>Cuando se alborote por la noche, espere uno o dos minutos para ver si se calma y vuelve a dormir.\n<\/li>\n<li>Trate de no despertarle demasiado durante las comidas nocturnas o los cambios de pa\u00f1ales.<\/li>\n<li>Est\u00e9 activa y juegue durante el d\u00eda, para que permanezca despierto(a) durante per\u00edodos m\u00e1s prolongados. Eso puede ayudarla a dormir m\u00e1s por la noche.<\/li>\n<\/ul>\n<p>[\/et_pb_toggle][et_pb_toggle title=&#8221;\u00bfCon qu\u00e9 frecuencia mi beb\u00e9 amamantar\u00e1 o tomar\u00e1 un biber\u00f3n?&#8221; _builder_version=&#8221;4.4.8&#8243;]<\/p>\n<p>Un beb\u00e9 debe comer cada 2 a 3 horas si usted da f\u00f3rmula y cada 1 o 2 horas si amamanta.<\/p>\n<p>[\/et_pb_toggle][et_pb_toggle title=&#8221;\u00bfMi beb\u00e9 est\u00e1 recibiendo suficiente para comer?&#8221; _builder_version=&#8221;4.4.8&#8243;]<\/p>\n<p>Usted puede decir que un beb\u00e9 est\u00e1 recibiendo suficiente alimento cuando su beb\u00e9:<\/p>\n<ul>\n<li>Pasa de 10 a 15 minutos en cada seno chupando y tragando activamente, o bebe de 2 a 3 onzas de f\u00f3rmula en cada alimentaci\u00f3n.<\/li>\n<li>Tiene seis o m\u00e1s pa\u00f1ales h\u00famedos y cuatro o m\u00e1s pa\u00f1ales de caca cada 24 horas despu\u00e9s del d\u00eda 4.<\/li>\n<li>Empieza a ganar peso la segunda semana.<\/li>\n<\/ul>\n<p>Si le preocupa el peso de tu beb\u00e9, consulta con su pediatra.<\/p>\n<p>[\/et_pb_toggle][et_pb_toggle title=&#8221;\u00bfCon qu\u00e9 frecuencia debo ba\u00f1ar a mi reci\u00e9n nacido?&#8221; _builder_version=&#8221;4.4.8&#8243;]<\/p>\n<p>Usted puede ba\u00f1ar a su beb\u00e9 despu\u00e9s de que el cord\u00f3n umbilical haya ca\u00eddo.\n<\/p>\n<p>Luego, hasta tres ba\u00f1os por semana es suficiente. M\u00e1s que eso puede secar la piel de su beb\u00e9.<\/p>\n<p>[\/et_pb_toggle][et_pb_toggle title=&#8221;\u00bfEst\u00e1 bien poner a mi beb\u00e9 a dormir sobre su espalda?&#8221; _builder_version=&#8221;4.4.8&#8243;]<\/p>\n<p>S\u00ed, siempre ponga a su beb\u00e9 a dormir sobre su espalda.<\/p>\n<p>[\/et_pb_toggle][et_pb_toggle title=&#8221;\u00bfDeber\u00eda dormir mi reci\u00e9n nacido en nuestra habitaci\u00f3n, o viceversa?&#8221; _builder_version=&#8221;4.4.8&#8243;]<\/p>\n<p>S\u00ed, puedes hacer esto, pero no duerman en la misma cama.\n<\/p>\n<p>[\/et_pb_toggle][et_pb_toggle title=&#8221;\u00bfQu\u00e9 m\u00e1s debo hacer por mi beb\u00e9?&#8221; _builder_version=&#8221;4.4.8&#8243;]<\/p>\n<p>Disfruta de este tiempo mientras conoces a tu peque\u00f1o(a). \u00a1Crecen tan r\u00e1pido!<\/p>\n<p>[\/et_pb_toggle][et_pb_toggle title=&#8221;\u00bfPuede mi beb\u00e9 dormir con sus juguetes?&#8221; _builder_version=&#8221;4.4.8&#8243;]<\/p>\n<p>No, vac\u00ede el \u00e1rea de dormir. Mantenga los juguetes, almohadas, mantas, s\u00e1banas no aptas, colchas, edredones, y almohadillas fuera de la zona de dormir de su beb\u00e9.\n<\/p>\n<p>[\/et_pb_toggle][et_pb_toggle title=&#8221;\u00bfC\u00f3mo debo vestir a mi beb\u00e9?&#8221; _builder_version=&#8221;4.4.8&#8243;]<\/p>\n<p>La idea es que su beb\u00e9 est\u00e9 c\u00f3modo. Vista a su beb\u00e9 para la temperatura ambiente. Est\u00e9 atento a los signos de sobrecalentamiento, como sudoraci\u00f3n o sensaci\u00f3n de calor al tacto.\n<\/p>\n<p>[\/et_pb_toggle][et_pb_toggle title=&#8221;\u00bfPuede dormir mi beb\u00e9 con un chupete?&#8221; _builder_version=&#8221;4.4.8&#8243;]<\/p>\n<p>S\u00ed, pero si su beb\u00e9 rechaza el chupete, no lo fuerce. Si el chupete se cae durante el sue\u00f1o, no se lo vuelva a poner.\n<\/p>\n<p>[\/et_pb_toggle][et_pb_toggle title=&#8221;\u00bfQu\u00e9 puedo hacer cuando mi beb\u00e9 se despierta por la noche?&#8221; _builder_version=&#8221;4.4.8&#8243;]<\/p>\n<p>Incluso un beb\u00e9 que ha estado durmiendo toda la noche a veces se despertar\u00e1 durante la noche. Debido a la ansiedad por separaci\u00f3n, una etapa normal de desarrollo que ocurre durante este tiempo, algunos beb\u00e9s pueden llamar o llorar, luego calmarse cuando mam\u00e1 o pap\u00e1 entra en la habitaci\u00f3n. Dele a su beb\u00e9 unos minutos antes de responder. Despu\u00e9s de ver que todo est\u00e1 bien y tranquilizar a su beb\u00e9 sin sacar a su peque\u00f1o de la cuna, deje a su beb\u00e9 solo para que se vuelva a dormir.<\/p>\n<p>\nAcurrucarse, alimentarle o hablar cuando su beb\u00e9 se despierta en medio de la noche puede incitar a su peque\u00f1o a despertarse regularmente para recibir esta atenci\u00f3n.\n<\/p>\n<p>[\/et_pb_toggle][\/et_pb_column][\/et_pb_row][et_pb_row _builder_version=&#8221;4.4.8&#8243;][et_pb_column type=&#8221;4_4&#8243; _builder_version=&#8221;4.4.8&#8243;][\/et_pb_column][\/et_pb_row][\/et_pb_section][et_pb_section fb_built=&#8221;1&#8243; admin_label=&#8221;Footer&#8221; _builder_version=&#8221;4.4.8&#8243; background_color=&#8221;#f4f4f4&#8243; custom_padding=&#8221;||0px||false|false&#8221; locked=&#8221;off&#8221;][et_pb_row custom_padding_last_edited=&#8221;on|desktop&#8221; _builder_version=&#8221;4.4.8&#8243; background_color=&#8221;#eaeaea&#8221; width=&#8221;90%&#8221; width_tablet=&#8221;95%&#8221; width_phone=&#8221;&#8221; width_last_edited=&#8221;on|desktop&#8221; max_width=&#8221;none&#8221; module_alignment=&#8221;right&#8221; overflow-x=&#8221;visible&#8221; overflow-y=&#8221;visible&#8221; custom_padding=&#8221;60px|10vw|4vw|40px|false|false&#8221; custom_padding_tablet=&#8221;|40px|||false|false&#8221; custom_padding_phone=&#8221;&#8221; border_radii=&#8221;|200px|||&#8221; border_radii_tablet=&#8221;|0px|||&#8221; border_radii_phone=&#8221;&#8221; border_radii_last_edited=&#8221;on|tablet&#8221; locked=&#8221;off&#8221;][et_pb_column type=&#8221;4_4&#8243; _builder_version=&#8221;3.26&#8243;][et_pb_text _builder_version=&#8221;4.4.8&#8243; text_font=&#8221;||||||||&#8221; text_font_size=&#8221;16px&#8221; text_line_height=&#8221;1.8em&#8221; header_font=&#8221;||||||||&#8221; header_2_font=&#8221;Amatic SC|700|||||||&#8221; header_2_font_size=&#8221;80px&#8221; header_2_line_height=&#8221;1.2em&#8221; text_orientation=&#8221;center&#8221; max_width=&#8221;700px&#8221; module_alignment=&#8221;center&#8221; hover_enabled=&#8221;0&#8243; header_2_font_size_tablet=&#8221;60px&#8221; header_2_font_size_phone=&#8221;32px&#8221; header_2_font_size_last_edited=&#8221;on|phone&#8221;]<\/p>\n<h2>\u00bfNecesita una cita ahora?<\/h2>\n<p>\u00bfO tiene m\u00e1s preguntas?<br \/> Llame a una de nuestras oficinas y con gusto lo atenderemos.<\/p>\n<p><span id=\"et-info-phone\">\u00a0Spring branch|<span>Beltway 8<\/span>:<\/span><\/p>\n<p><a href=\"tel:+7134689000\">(713) 468-9000<\/a><a href=\"tel:+7134689000\"><\/a><br \/> <a href=\"tel:+8327709022\">(832) 770-9022<\/a><\/p>\n<h3>Fax Beltway 8:<\/h3>\n<p><a href=\"tel:+8326727328\">(832) 672-7328<\/a><\/p>\n<h3>Fax Spring Branch:<\/h3>\n<p><a href=\"tel:+7134689002\">(713) 468-9002<\/a><\/p>\n<p>o haga clic a continuaci\u00f3n para enviarnos un mensaje y nos contactaremos con usted<\/p>\n<p>[\/et_pb_text][et_pb_button button_url=&#8221;@ET-DC@eyJkeW5hbWljIjp0cnVlLCJjb250ZW50IjoicG9zdF9saW5rX3VybF9wYWdlIiwic2V0dGluZ3MiOnsicG9zdF9pZCI6IjIyMyJ9fQ==@&#8221; button_text=&#8221;Solicitar una cita&#8221; button_alignment=&#8221;center&#8221; _builder_version=&#8221;4.4.8&#8243; _dynamic_attributes=&#8221;button_url&#8221; custom_button=&#8221;on&#8221; button_text_size=&#8221;18px&#8221; button_bg_color=&#8221;#e02b20&#8243; button_border_color=&#8221;rgba(0,0,0,0)&#8221; button_border_radius=&#8221;50px&#8221; button_font=&#8221;|700|||||||&#8221; button_icon=&#8221;%%3%%&#8221; background_layout=&#8221;dark&#8221; custom_padding=&#8221;15px|40px|15px|40px|true|true&#8221;][\/et_pb_button][\/et_pb_column][\/et_pb_row][\/et_pb_section]<\/p>\n","protected":false},"excerpt":{"rendered":"<p>Preguntas frecuentes &nbsp;Tienes un beb\u00e9 en camino, ahora es el momento de encontrar un m\u00e9dico en el que puedas confiar. Muchas mujeres comienzan su b\u00fasqueda de un pediatra durante su segundo trimestre de embarazo. La llegada de un nuevo beb\u00e9 es emocionante y, al mismo tiempo, requiere preparaci\u00f3n y la toma de decisiones importantes. Una [&hellip;]<\/p>\n","protected":false},"author":1,"featured_media":0,"parent":0,"menu_order":0,"comment_status":"closed","ping_status":"closed","template":"","meta":{"_et_pb_use_builder":"on","_et_pb_old_content":"","_et_gb_content_width":""},"_links":{"self":[{"href":"https:\/\/www.parrapediatrics.com\/es\/wp-json\/wp\/v2\/pages\/305"}],"collection":[{"href":"https:\/\/www.parrapediatrics.com\/es\/wp-json\/wp\/v2\/pages"}],"about":[{"href":"https:\/\/www.parrapediatrics.com\/es\/wp-json\/wp\/v2\/types\/page"}],"author":[{"embeddable":true,"href":"https:\/\/www.parrapediatrics.com\/es\/wp-json\/wp\/v2\/users\/1"}],"replies":[{"embeddable":true,"href":"https:\/\/www.parrapediatrics.com\/es\/wp-json\/wp\/v2\/comments?post=305"}],"version-history":[{"count":6,"href":"https:\/\/www.parrapediatrics.com\/es\/wp-json\/wp\/v2\/pages\/305\/revisions"}],"predecessor-version":[{"id":1694,"href":"https:\/\/www.parrapediatrics.com\/es\/wp-json\/wp\/v2\/pages\/305\/revisions\/1694"}],"wp:attachment":[{"href":"https:\/\/www.parrapediatrics.com\/es\/wp-json\/wp\/v2\/media?parent=305"}],"curies":[{"name":"wp","href":"https:\/\/api.w.org\/{rel}","templated":true}]}}