{"id":262,"date":"2020-06-29T09:07:28","date_gmt":"2020-06-29T09:07:28","guid":{"rendered":"http:\/\/www.parrapediatrics.com\/?page_id=262"},"modified":"2023-04-25T17:28:00","modified_gmt":"2023-04-25T17:28:00","slug":"sick-child","status":"publish","type":"page","link":"https:\/\/www.parrapediatrics.com\/es\/sick-child\/","title":{"rendered":"Sick Child"},"content":{"rendered":"<p>[et_pb_section fb_built=&#8221;1&#8243; custom_padding_last_edited=&#8221;on|phone&#8221; admin_label=&#8221;Header&#8221; _builder_version=&#8221;4.4.8&#8243; background_color=&#8221;#fffffff&#8221; background_image=&#8221;http:\/\/www.parrapediatrics.com\/wp-content\/uploads\/2020\/07\/sick5.png&#8221; background_position=&#8221;bottom_left&#8221; overflow-x=&#8221;hidden&#8221; overflow-y=&#8221;hidden&#8221; custom_padding=&#8221;||0vw||false|false&#8221; custom_padding_tablet=&#8221;&#8221; custom_padding_phone=&#8221;||80px||false|false&#8221; background_last_edited=&#8221;on|phone&#8221; background_image_tablet=&#8221;http:\/\/www.parrapediatrics.com\/wp-content\/uploads\/2020\/07\/sick3.png&#8221; background_enable_image_tablet=&#8221;on&#8221; background_enable_image_phone=&#8221;off&#8221; background_size_tablet=&#8221;cover&#8221; background_position_tablet=&#8221;bottom_left&#8221; background_blend_tablet=&#8221;normal&#8221; title_text_tablet=&#8221;sick3&#8243;][et_pb_row column_structure=&#8221;1_2,1_2&#8243; _builder_version=&#8221;3.26.1&#8243;][et_pb_column type=&#8221;1_2&#8243; _builder_version=&#8221;3.26&#8243;][et_pb_text _builder_version=&#8221;4.4.8&#8243; text_font=&#8221;||||||||&#8221; text_font_size=&#8221;24px&#8221; text_line_height=&#8221;1.8em&#8221; header_font=&#8221;Amatic SC|700|||||||&#8221; header_font_size=&#8221;130px&#8221; header_line_height=&#8221;1.2em&#8221; text_font_size_tablet=&#8221;&#8221; text_font_size_phone=&#8221;22px&#8221; text_font_size_last_edited=&#8221;on|desktop&#8221; header_font_size_tablet=&#8221;80px&#8221; header_font_size_phone=&#8221;60px&#8221; header_font_size_last_edited=&#8221;on|phone&#8221;]<\/p>\n<h1>Ni\u00f1o Enfermo<\/h1>\n<p>Para aquellos d\u00edas no tan felices<\/p>\n<p>[\/et_pb_text][\/et_pb_column][et_pb_column type=&#8221;1_2&#8243; _builder_version=&#8221;3.26&#8243;][et_pb_image src=&#8221;https:\/\/www.parrapediatrics.com\/es\/wp-content\/uploads\/2020\/09\/MEDIUM_shutterstock_561769342.jpg&#8221; title_text=&#8221;MEDIUM_shutterstock_561769342&#8243; align=&#8221;right&#8221; align_tablet=&#8221;&#8221; align_phone=&#8221;left&#8221; align_last_edited=&#8221;on|desktop&#8221; _builder_version=&#8221;4.4.8&#8243; transform_scale_tablet=&#8221;&#8221; transform_scale_phone=&#8221;100%|100%&#8221; transform_scale_last_edited=&#8221;on|phone&#8221; transform_translate=&#8221;0px|53px&#8221; transform_translate_tablet=&#8221;&#8221; transform_translate_phone=&#8221;&#8221; transform_translate_last_edited=&#8221;on|desktop&#8221; transform_translate_linked_tablet=&#8221;off&#8221; transform_rotate=&#8221;0deg|0deg|-15deg&#8221; transform_rotate_tablet=&#8221;&#8221; transform_rotate_phone=&#8221;0deg|0deg|0deg&#8221; transform_rotate_last_edited=&#8221;on|desktop&#8221; transform_skew_tablet=&#8221;&#8221; transform_skew_phone=&#8221;&#8221; transform_skew_last_edited=&#8221;on|desktop&#8221; transform_origin=&#8221;-30%|35%&#8221; transform_origin_tablet=&#8221;&#8221; transform_origin_phone=&#8221;&#8221; transform_origin_last_edited=&#8221;on|desktop&#8221; transform_styles_last_edited=&#8221;on|phone&#8221; max_width_tablet=&#8221;70%&#8221; max_width_phone=&#8221;100%&#8221; max_width_last_edited=&#8221;on|phone&#8221; custom_margin=&#8221;-6vw|-10vw|||false|false&#8221; custom_margin_tablet=&#8221;||||false|false&#8221; custom_margin_phone=&#8221;&#8221; custom_margin_last_edited=&#8221;on|desktop&#8221; animation_style=&#8221;slide&#8221; animation_direction=&#8221;right&#8221; animation_intensity_slide=&#8221;5%&#8221; transform_styles_tablet=&#8221;&#8221; transform_styles_phone=&#8221;&#8221; border_radii=&#8221;on|12vw|12vw|12vw|12vw&#8221; border_width_all=&#8221;6vw&#8221; border_color_all=&#8221;#bfe3ff&#8221; box_shadow_style=&#8221;preset3&#8243; box_shadow_vertical=&#8221;4px&#8221; box_shadow_blur=&#8221;3vw&#8221; box_shadow_spread=&#8221;10px&#8221;][\/et_pb_image][\/et_pb_column][\/et_pb_row][\/et_pb_section][et_pb_section fb_built=&#8221;1&#8243; next_background_color=&#8221;#ffffff&#8221; _builder_version=&#8221;4.4.8&#8243; use_background_color_gradient=&#8221;on&#8221; background_color_gradient_start=&#8221;#ffffff&#8221; background_color_gradient_end=&#8221;#bfe3ff&#8221; custom_padding=&#8221;||73px|||&#8221; bottom_divider_style=&#8221;waves&#8221;][et_pb_row column_structure=&#8221;1_2,1_2&#8243; _builder_version=&#8221;4.4.8&#8243;][et_pb_column type=&#8221;1_2&#8243; _builder_version=&#8221;4.4.8&#8243;][et_pb_text _builder_version=&#8221;4.4.8&#8243; text_font=&#8221;||||||||&#8221; text_font_size=&#8221;18px&#8221; text_line_height=&#8221;2em&#8221; header_font=&#8221;||||||||&#8221; header_2_font=&#8221;Amatic SC|700|||||||&#8221; header_2_font_size=&#8221;42px&#8221; header_2_line_height=&#8221;1.2em&#8221; text_orientation=&#8221;center&#8221; module_alignment=&#8221;center&#8221; custom_padding=&#8221;25px|||||&#8221; text_font_size_tablet=&#8221;&#8221; text_font_size_phone=&#8221;16px&#8221; text_font_size_last_edited=&#8221;on|desktop&#8221; header_2_font_size_tablet=&#8221;&#8221; header_2_font_size_phone=&#8221;32px&#8221; header_2_font_size_last_edited=&#8221;on|desktop&#8221;]<\/p>\n<p style=\"text-align: left;\">Si la afecci\u00f3n de su hijo(a)(a) pone en riesgo la vida del ni\u00f1o(a), llame emergencia al 911 o vaya a la sala de emergencias del hospital m\u00e1s cercano para que reciba atenci\u00f3n inmediata. Si la afecci\u00f3n de su hijo(a) no pone en peligro la vida o si tiene preocupaciones sobre el desarrollo f\u00edsico, emocional o social de su hijo(a), llame a nuestra oficina para hacer una cita. Durante la consulta, usted y el m\u00e9dico de su hijo(a) pueden discutir sus preocupaciones y determinar la mejor manera de proceder, incluyendo referencias a otros especialistas si es necesario.<\/p>\n<p>[\/et_pb_text][\/et_pb_column][et_pb_column type=&#8221;1_2&#8243; _builder_version=&#8221;4.4.8&#8243;][et_pb_text _builder_version=&#8221;4.4.8&#8243; header_font_size=&#8221;36px&#8221; custom_padding=&#8221;24px|||||&#8221; link_option_url=&#8221;#first_visit&#8221;]<\/p>\n<h1><img loading=\"lazy\" src=\"http:\/\/www.parrapediatrics.com\/wp-content\/uploads\/2020\/06\/sick-icon-2.png\" width=\"40\" height=\"45\" alt=\"\" class=\"wp-image-270 alignnone size-full\" \/>\u00a0\u00bfCu\u00e1ndo llamar?<\/h1>\n<p>[\/et_pb_text][et_pb_text _builder_version=&#8221;4.4.8&#8243; header_font_size=&#8221;36px&#8221; link_option_url=&#8221;#at_home_care&#8221;]<\/p>\n<h1><img loading=\"lazy\" src=\"http:\/\/www.parrapediatrics.com\/wp-content\/uploads\/2020\/06\/house-icon-1.png\" width=\"46\" height=\"45\" alt=\"\" class=\"wp-image-215 alignnone size-full\" \/>\u00a0Cuidado en el Hogar<\/h1>\n<p>[\/et_pb_text][et_pb_text _builder_version=&#8221;4.4.8&#8243; header_font_size=&#8221;36px&#8221; link_option_url=&#8221;#at_home_care&#8221;]<\/p>\n<h1><img loading=\"lazy\" src=\"http:\/\/www.parrapediatrics.com\/wp-content\/uploads\/2020\/06\/clock-icon-1.png\" width=\"46\" height=\"45\" alt=\"\" class=\"wp-image-216 alignnone size-full\" \/>\u00a0Nuestros Servicios<\/h1>\n<p>[\/et_pb_text][\/et_pb_column][\/et_pb_row][\/et_pb_section][et_pb_section fb_built=&#8221;1&#8243; module_id=&#8221;first_visit&#8221; _builder_version=&#8221;4.4.8&#8243; background_image=&#8221;http:\/\/www.parrapediatrics.com\/wp-content\/uploads\/2020\/07\/flor-mariposa.png&#8221; background_size=&#8221;contain&#8221; background_position=&#8221;top_left&#8221; min_height=&#8221;813px&#8221; custom_margin=&#8221;||-34px|||&#8221; custom_padding=&#8221;||19px|||&#8221; bottom_divider_style=&#8221;waves&#8221; bottom_divider_color=&#8221;#ffffff&#8221; bottom_divider_height=&#8221;62px&#8221;][et_pb_row column_structure=&#8221;1_2,1_2&#8243; _builder_version=&#8221;4.4.8&#8243;][et_pb_column type=&#8221;1_2&#8243; _builder_version=&#8221;4.4.8&#8243;][et_pb_image src=&#8221;https:\/\/www.parrapediatrics.com\/es\/wp-content\/uploads\/2020\/09\/MEDIUM_shutterstock_1545186953.jpg&#8221; title_text=&#8221;MEDIUM_shutterstock_1545186953&#8243; _builder_version=&#8221;4.4.8&#8243; border_radii=&#8221;on|50%|50%|50%|50%&#8221; border_width_all=&#8221;4vw&#8221; border_color_all=&#8221;#bfe3ff&#8221; box_shadow_style=&#8221;preset2&#8243;][\/et_pb_image][\/et_pb_column][et_pb_column type=&#8221;1_2&#8243; _builder_version=&#8221;4.4.8&#8243;][et_pb_text module_class=&#8221;custom_bullet&#8221; _builder_version=&#8221;4.4.8&#8243; text_font=&#8221;||||||||&#8221; text_font_size=&#8221;16px&#8221; text_line_height=&#8221;1.8em&#8221; header_font=&#8221;Amatic SC|700|||||||&#8221; header_font_size=&#8221;77px&#8221; header_line_height=&#8221;1.2em&#8221; text_font_size_tablet=&#8221;&#8221; text_font_size_phone=&#8221;22px&#8221; text_font_size_last_edited=&#8221;on|desktop&#8221; header_font_size_tablet=&#8221;80px&#8221; header_font_size_phone=&#8221;60px&#8221; header_font_size_last_edited=&#8221;on|phone&#8221;]<\/p>\n<h1>\u00bfCu\u00e1ndo Llamar?<img loading=\"lazy\" src=\"http:\/\/www.parrapediatrics.com\/wp-content\/uploads\/2020\/06\/sick-icon-2.png\" width=\"40\" height=\"45\" alt=\"\" class=\"wp-image-270 alignnone size-full\" \/><\/h1>\n<p><span style=\"font-size: 16px;\">\u00bfQu\u00e9 requiere un viaje al consultorio del pediatra? Estos son algunos s\u00edntomas y condiciones que requerir\u00e1n una visita por enfermedad el mismo d\u00eda:<br \/> <\/span><\/p>\n<ul>\n<li><span>Fiebre alta o fiebre que dura d\u00edas o no responde a los analg\u00e9sicos.<br \/> <\/span><\/li>\n<li><span>Parece muy enfermo, est\u00e1 inusualmente somnoliento(a), o es muy quisquilloso(a)<br \/> <\/span><\/li>\n<li><span>Dolor abdominal (el dolor en el lado derecho podr\u00eda indicar apendicitis)<br \/> <\/span><\/li>\n<li><span><span>Una seria lesi\u00f3n, ca\u00edda o accidente<\/span><\/span><\/li>\n<li><span><span>Dificultad para tragar (podr\u00eda indicar una reacci\u00f3n al\u00e9rgica)<br \/>\nDolores de cabeza con fiebre o v\u00f3mitos<\/span><\/span><\/li>\n<li><span><span>Erupci\u00f3n generalizada o dolorosa<\/span><\/span><\/li>\n<li><span>Su hijo(a)(a) todav\u00eda se siente enfermo(a), una vez que su fiebre baja.<br \/> <\/span><\/li>\n<li><span>Su hijo(a)(a) parece estar empeorando.<br \/> <\/span><\/li>\n<li><span>La fiebre persiste durante m\u00e1s de 24 horas en un ni\u00f1o(a) menor de dos a\u00f1os<br \/> <\/span><\/li>\n<li><span>La fiebre persiste durante m\u00e1s de 3 d\u00edas en un ni\u00f1o(a) de 2 a\u00f1os o m\u00e1s<br \/> <\/span><\/li>\n<p>&nbsp;<\/p>\n<\/li>\n<\/ul>\n<p>[\/et_pb_text][\/et_pb_column][\/et_pb_row][\/et_pb_section][et_pb_section fb_built=&#8221;1&#8243; prev_background_color=&#8221;#ffffff&#8221; module_id=&#8221;at_home_care&#8221; _builder_version=&#8221;4.4.8&#8243; background_color=&#8221;#f4f4f4&#8243; min_height=&#8221;533px&#8221; custom_margin=&#8221;44px||-13px|||&#8221; custom_padding=&#8221;37px||80px|||&#8221; top_divider_style=&#8221;waves&#8221; bottom_divider_style=&#8221;waves&#8221; bottom_divider_color=&#8221;#f4f4f4&#8243; bottom_divider_height=&#8221;72px&#8221;][et_pb_row _builder_version=&#8221;4.4.8&#8243; custom_padding=&#8221;71px|||||&#8221;][et_pb_column type=&#8221;4_4&#8243; _builder_version=&#8221;4.4.8&#8243;][et_pb_text module_class=&#8221;custom_bullet&#8221; _builder_version=&#8221;4.4.8&#8243; text_font=&#8221;||||||||&#8221; text_font_size=&#8221;16px&#8221; text_line_height=&#8221;1.8em&#8221; header_font=&#8221;Amatic SC|700|||||||&#8221; header_font_size=&#8221;77px&#8221; header_line_height=&#8221;1.2em&#8221; text_font_size_tablet=&#8221;&#8221; text_font_size_phone=&#8221;22px&#8221; text_font_size_last_edited=&#8221;on|desktop&#8221; header_font_size_tablet=&#8221;80px&#8221; header_font_size_phone=&#8221;60px&#8221; header_font_size_last_edited=&#8221;on|phone&#8221;]<\/p>\n<h1>Cuidado en el hogar<img loading=\"lazy\" src=\"http:\/\/www.parrapediatrics.com\/wp-content\/uploads\/2020\/06\/house-icon-1.png\" width=\"46\" height=\"45\" alt=\"\" class=\"wp-image-215 alignnone size-full\" \/><\/h1>\n<p><span>Si su hijo(a) est\u00e1 enfermo, lo mejor es mantenerlo c\u00f3modo. Los ni\u00f1os enfermos se cansan mucho y necesitan mucho descanso. A menos que est\u00e9n muy enfermos o tengan que seguir las \u00f3rdenes del m\u00e9dico de permanecer en la cama, la mayor\u00eda de los ni\u00f1os peque\u00f1os no querr\u00e1n hacerlo. Pueden sentirse mejor en el sof\u00e1 con una manta, de cualquier manera, debe mantener la habitaci\u00f3n bien ventilada. Es esencial controlar los s\u00edntomas de su hijo(a), como dolor de garganta, dolor de o\u00eddo, tos, erupci\u00f3n cut\u00e1nea, v\u00f3mitos o diarrea. La ingesti\u00f3n de l\u00edquidos es vital para los ni\u00f1os enfermos. En particular, si a su beb\u00e9 le falta alimentaci\u00f3n y produce menos pa\u00f1ales h\u00famedos. Trate de darle a su hijo(a) tiempo para juegos, historias, compa\u00f1\u00eda y comodidad. En general, usted debe seguir los consejos de su m\u00e9dico sobre c\u00f3mo mantener a su hijo(a) c\u00f3modo mientras est\u00e1 enfermo.<\/p>\n<p><\/span><\/p>\n<p>[\/et_pb_text][\/et_pb_column][\/et_pb_row][\/et_pb_section][et_pb_section fb_built=&#8221;1&#8243; module_id=&#8221;at_home_care&#8221; _builder_version=&#8221;4.4.8&#8243; background_color=&#8221;#ffffff&#8221; min_height=&#8221;562px&#8221; custom_margin=&#8221;4px|||||&#8221; custom_padding=&#8221;73px|||||&#8221; top_divider_style=&#8221;waves&#8221; top_divider_color=&#8221;#f4f4f4&#8243; bottom_divider_style=&#8221;waves&#8221; bottom_divider_color=&#8221;#f4f4f4&#8243; bottom_divider_height=&#8221;72px&#8221;][et_pb_row _builder_version=&#8221;4.4.8&#8243; custom_margin=&#8221;60px|auto||auto||&#8221; custom_padding=&#8221;71px|||||&#8221;][et_pb_column type=&#8221;4_4&#8243; _builder_version=&#8221;4.4.8&#8243;][et_pb_text module_class=&#8221;custom_bullet&#8221; _builder_version=&#8221;4.4.8&#8243; text_font=&#8221;||||||||&#8221; text_font_size=&#8221;16px&#8221; text_line_height=&#8221;1.8em&#8221; header_font=&#8221;Amatic SC|700|||||||&#8221; header_font_size=&#8221;77px&#8221; header_line_height=&#8221;1.2em&#8221; text_font_size_tablet=&#8221;&#8221; text_font_size_phone=&#8221;22px&#8221; text_font_size_last_edited=&#8221;on|desktop&#8221; header_font_size_tablet=&#8221;80px&#8221; header_font_size_phone=&#8221;60px&#8221; header_font_size_last_edited=&#8221;on|phone&#8221;]<\/p>\n<h1>Otros servicios<img loading=\"lazy\" src=\"http:\/\/www.parrapediatrics.com\/wp-content\/uploads\/2020\/07\/estetoscopio.png\" width=\"53\" height=\"55\" alt=\"\" class=\"wp-image-945 alignnone size-full\" \/><\/h1>\n<p><span>Como consultorio m\u00e9dico de atenci\u00f3n primaria, nuestros servicios incluyen ex\u00e1menes f\u00edsicos, ex\u00e1menes de la vista, la audici\u00f3n, evaluaciones de riesgos para la salud y diagn\u00f3stico y tratamiento de trastornos agudos y cr\u00f3nicos. Educar al paciente y sus padres seg\u00fan sea necesario con respecto al tratamiento, el manejo de los s\u00edntomas y la atenci\u00f3n en casa. En caso de que su hijo(a) necesite m\u00e1s atenci\u00f3n experta, le daremos referencias a especialistas pedi\u00e1tricos cuando sea necesario y coordinaremos otros servicios para sus hijo(a)s, como resonancias magn\u00e9ticas y radiograf\u00edas. Si requiere una nota del m\u00e9dico, si su hijo(a)(a) cuando se ausenta de la escuela o del trabajo por a estar enfermo, por favor pregunte en la recepci\u00f3n, y con gusto le ayudaremos.<br \/>\n<br \/> <\/span><\/p>\n<p>[\/et_pb_text][\/et_pb_column][\/et_pb_row][\/et_pb_section][et_pb_section fb_built=&#8221;1&#8243; admin_label=&#8221;Footer&#8221; _builder_version=&#8221;4.4.8&#8243; background_color=&#8221;#f4f4f4&#8243; custom_padding=&#8221;||0px||false|false&#8221;][et_pb_row custom_padding_last_edited=&#8221;on|desktop&#8221; _builder_version=&#8221;4.4.8&#8243; background_color=&#8221;#eaeaea&#8221; width=&#8221;90%&#8221; width_tablet=&#8221;95%&#8221; width_phone=&#8221;&#8221; width_last_edited=&#8221;on|desktop&#8221; max_width=&#8221;none&#8221; module_alignment=&#8221;right&#8221; overflow-x=&#8221;visible&#8221; overflow-y=&#8221;visible&#8221; custom_padding=&#8221;60px|10vw|4vw|40px|false|false&#8221; custom_padding_tablet=&#8221;|40px|||false|false&#8221; custom_padding_phone=&#8221;&#8221; border_radii=&#8221;|200px|||&#8221; border_radii_tablet=&#8221;|0px|||&#8221; border_radii_phone=&#8221;&#8221; border_radii_last_edited=&#8221;on|tablet&#8221; locked=&#8221;off&#8221;][et_pb_column type=&#8221;4_4&#8243; _builder_version=&#8221;3.26&#8243;][et_pb_text _builder_version=&#8221;4.4.8&#8243; text_font=&#8221;||||||||&#8221; text_font_size=&#8221;16px&#8221; text_line_height=&#8221;1.8em&#8221; header_font=&#8221;||||||||&#8221; header_2_font=&#8221;Amatic SC|700|||||||&#8221; header_2_font_size=&#8221;80px&#8221; header_2_line_height=&#8221;1.2em&#8221; text_orientation=&#8221;center&#8221; max_width=&#8221;700px&#8221; module_alignment=&#8221;center&#8221; hover_enabled=&#8221;0&#8243; header_2_font_size_tablet=&#8221;60px&#8221; header_2_font_size_phone=&#8221;32px&#8221; header_2_font_size_last_edited=&#8221;on|phone&#8221;]<\/p>\n<h2>\u00bfNecesita una cita ahora?<\/h2>\n<p>Llame a una de nuestras oficinas para solicitar una cita<\/p>\n<p><span id=\"et-info-phone\">\u00a0Spring branch|<span>Beltway 8<\/span>:<\/span><\/p>\n<p><a href=\"tel:+7134689000\">(713) 468-9000<\/a><a href=\"tel:+7134689000\"><\/a><a href=\"tel:+7134689000\"><\/a><br \/> <a href=\"tel:+8327709022\">(832) 770-9022<\/a><\/p>\n<h4>Fax Beltway 8:<\/h4>\n<p><a href=\"tel:+8326727328\">(832) 672-7328<\/a><\/p>\n<h4>Fax Spring Branch:<\/h4>\n<p><a href=\"tel:+7134689002\">(713) 468-9002<\/a><\/p>\n<p>o haga clic a continuaci\u00f3n para enviarnos un mensaje y nos contactaremos con usted.<\/p>\n<p>[\/et_pb_text][et_pb_button button_url=&#8221;@ET-DC@eyJkeW5hbWljIjp0cnVlLCJjb250ZW50IjoicG9zdF9saW5rX3VybF9wYWdlIiwic2V0dGluZ3MiOnsicG9zdF9pZCI6IjIyMyJ9fQ==@&#8221; button_text=&#8221;Solicitar una cita&#8221; button_alignment=&#8221;center&#8221; _builder_version=&#8221;4.4.8&#8243; _dynamic_attributes=&#8221;button_url&#8221; custom_button=&#8221;on&#8221; button_text_size=&#8221;18px&#8221; button_bg_color=&#8221;#e02b20&#8243; button_border_color=&#8221;rgba(0,0,0,0)&#8221; button_border_radius=&#8221;50px&#8221; button_font=&#8221;|700|||||||&#8221; button_icon=&#8221;%%3%%&#8221; background_layout=&#8221;dark&#8221; custom_padding=&#8221;15px|40px|15px|40px|true|true&#8221;][\/et_pb_button][\/et_pb_column][\/et_pb_row][\/et_pb_section]<\/p>\n","protected":false},"excerpt":{"rendered":"<p>Ni\u00f1o Enfermo Para aquellos d\u00edas no tan felicesSi la afecci\u00f3n de su hijo(a)(a) pone en riesgo la vida del ni\u00f1o(a), llame emergencia al 911 o vaya a la sala de emergencias del hospital m\u00e1s cercano para que reciba atenci\u00f3n inmediata. Si la afecci\u00f3n de su hijo(a) no pone en peligro la vida o si tiene [&hellip;]<\/p>\n","protected":false},"author":1,"featured_media":0,"parent":0,"menu_order":0,"comment_status":"closed","ping_status":"closed","template":"","meta":{"_et_pb_use_builder":"on","_et_pb_old_content":"","_et_gb_content_width":""},"_links":{"self":[{"href":"https:\/\/www.parrapediatrics.com\/es\/wp-json\/wp\/v2\/pages\/262"}],"collection":[{"href":"https:\/\/www.parrapediatrics.com\/es\/wp-json\/wp\/v2\/pages"}],"about":[{"href":"https:\/\/www.parrapediatrics.com\/es\/wp-json\/wp\/v2\/types\/page"}],"author":[{"embeddable":true,"href":"https:\/\/www.parrapediatrics.com\/es\/wp-json\/wp\/v2\/users\/1"}],"replies":[{"embeddable":true,"href":"https:\/\/www.parrapediatrics.com\/es\/wp-json\/wp\/v2\/comments?post=262"}],"version-history":[{"count":5,"href":"https:\/\/www.parrapediatrics.com\/es\/wp-json\/wp\/v2\/pages\/262\/revisions"}],"predecessor-version":[{"id":1701,"href":"https:\/\/www.parrapediatrics.com\/es\/wp-json\/wp\/v2\/pages\/262\/revisions\/1701"}],"wp:attachment":[{"href":"https:\/\/www.parrapediatrics.com\/es\/wp-json\/wp\/v2\/media?parent=262"}],"curies":[{"name":"wp","href":"https:\/\/api.w.org\/{rel}","templated":true}]}}