{"id":196,"date":"2020-06-28T14:39:35","date_gmt":"2020-06-28T14:39:35","guid":{"rendered":"http:\/\/www.parrapediatrics.com\/?page_id=196"},"modified":"2020-09-24T13:14:08","modified_gmt":"2020-09-24T13:14:08","slug":"newborn-services","status":"publish","type":"page","link":"https:\/\/www.parrapediatrics.com\/es\/newborn-services\/","title":{"rendered":"Newborn Services"},"content":{"rendered":"<p>[et_pb_section fb_built=&#8221;1&#8243; custom_padding_last_edited=&#8221;on|phone&#8221; admin_label=&#8221;Header&#8221; _builder_version=&#8221;4.4.8&#8243; background_color=&#8221;#fffffff&#8221; background_image=&#8221;http:\/\/www.parrapediatrics.com\/wp-content\/uploads\/2020\/06\/teddy-lines-2.png&#8221; background_size=&#8221;initial&#8221; background_position=&#8221;bottom_left&#8221; overflow-x=&#8221;hidden&#8221; overflow-y=&#8221;hidden&#8221; custom_padding=&#8221;||0vw||false|false&#8221; custom_padding_tablet=&#8221;&#8221; custom_padding_phone=&#8221;||80px||false|false&#8221;][et_pb_row column_structure=&#8221;1_2,1_2&#8243; _builder_version=&#8221;3.26.1&#8243;][et_pb_column type=&#8221;1_2&#8243; _builder_version=&#8221;3.26&#8243;][et_pb_text _builder_version=&#8221;4.4.8&#8243; text_font=&#8221;||||||||&#8221; text_font_size=&#8221;24px&#8221; text_line_height=&#8221;1.8em&#8221; header_font=&#8221;Amatic SC|700|||||||&#8221; header_font_size=&#8221;130px&#8221; header_line_height=&#8221;1.2em&#8221; text_font_size_tablet=&#8221;&#8221; text_font_size_phone=&#8221;22px&#8221; text_font_size_last_edited=&#8221;on|desktop&#8221; header_font_size_tablet=&#8221;80px&#8221; header_font_size_phone=&#8221;60px&#8221; header_font_size_last_edited=&#8221;on|phone&#8221;]<\/p>\n<h1>Reci\u00e9n nacidos<\/h1>\n<p>Para la alegr\u00eda del hogar<\/p>\n<p>[\/et_pb_text][\/et_pb_column][et_pb_column type=&#8221;1_2&#8243; _builder_version=&#8221;3.26&#8243;][et_pb_image src=&#8221;https:\/\/www.parrapediatrics.com\/es\/wp-content\/uploads\/2020\/09\/MEDIUM_shutterstock_572817439.jpg&#8221; title_text=&#8221;MEDIUM_shutterstock_572817439&#8243; align=&#8221;right&#8221; align_tablet=&#8221;&#8221; align_phone=&#8221;left&#8221; align_last_edited=&#8221;on|desktop&#8221; _builder_version=&#8221;4.4.8&#8243; transform_scale_tablet=&#8221;&#8221; transform_scale_phone=&#8221;100%|100%&#8221; transform_scale_last_edited=&#8221;on|phone&#8221; transform_translate=&#8221;0px|53px&#8221; transform_translate_tablet=&#8221;&#8221; transform_translate_phone=&#8221;&#8221; transform_translate_last_edited=&#8221;on|desktop&#8221; transform_translate_linked_tablet=&#8221;off&#8221; transform_rotate=&#8221;0deg|0deg|-15deg&#8221; transform_rotate_tablet=&#8221;&#8221; transform_rotate_phone=&#8221;0deg|0deg|0deg&#8221; transform_rotate_last_edited=&#8221;on|desktop&#8221; transform_skew_tablet=&#8221;&#8221; transform_skew_phone=&#8221;&#8221; transform_skew_last_edited=&#8221;on|desktop&#8221; transform_origin=&#8221;-30%|35%&#8221; transform_origin_tablet=&#8221;&#8221; transform_origin_phone=&#8221;&#8221; transform_origin_last_edited=&#8221;on|desktop&#8221; transform_styles_last_edited=&#8221;on|phone&#8221; max_width_tablet=&#8221;70%&#8221; max_width_phone=&#8221;100%&#8221; max_width_last_edited=&#8221;on|phone&#8221; custom_margin=&#8221;-6vw|-10vw|||false|false&#8221; custom_margin_tablet=&#8221;||||false|false&#8221; custom_margin_phone=&#8221;&#8221; custom_margin_last_edited=&#8221;on|desktop&#8221; animation_style=&#8221;slide&#8221; animation_direction=&#8221;right&#8221; animation_intensity_slide=&#8221;5%&#8221; transform_styles_tablet=&#8221;&#8221; transform_styles_phone=&#8221;&#8221; border_radii=&#8221;on|12vw|12vw|12vw|12vw&#8221; border_width_all=&#8221;6vw&#8221; border_color_all=&#8221;#ED232E&#8221; box_shadow_style=&#8221;preset3&#8243; box_shadow_vertical=&#8221;4px&#8221; box_shadow_blur=&#8221;3vw&#8221; box_shadow_spread=&#8221;10px&#8221;][\/et_pb_image][\/et_pb_column][\/et_pb_row][\/et_pb_section][et_pb_section fb_built=&#8221;1&#8243; next_background_color=&#8221;#ffffff&#8221; _builder_version=&#8221;4.4.8&#8243; use_background_color_gradient=&#8221;on&#8221; background_color_gradient_start=&#8221;#ffffff&#8221; background_color_gradient_end=&#8221;#fff6bd&#8221; background_enable_image=&#8221;off&#8221; background_size=&#8221;contain&#8221; background_position=&#8221;center_right&#8221; custom_padding=&#8221;||87px|||&#8221; bottom_divider_style=&#8221;waves&#8221;][et_pb_row column_structure=&#8221;1_2,1_2&#8243; _builder_version=&#8221;4.4.8&#8243;][et_pb_column type=&#8221;1_2&#8243; _builder_version=&#8221;4.4.8&#8243;][et_pb_text _builder_version=&#8221;4.4.8&#8243; header_2_font=&#8221;Amatic SC|700|||||||&#8221; header_2_font_size=&#8221;54px&#8221; header_2_line_height=&#8221;1.2em&#8221; text_orientation=&#8221;center&#8221; header_2_font_size_tablet=&#8221;60px&#8221; header_2_font_size_phone=&#8221;32px&#8221; header_2_font_size_last_edited=&#8221;on|phone&#8221;]<\/p>\n<h2 style=\"text-align: left;\">\nEmpecemos desde el principio<br \/>\n<\/h2>\n<p>&nbsp;<\/p>\n<p>[\/et_pb_text][et_pb_text _builder_version=&#8221;4.4.8&#8243; text_font=&#8221;||||||||&#8221; text_font_size=&#8221;18px&#8221; text_line_height=&#8221;2em&#8221; header_font=&#8221;||||||||&#8221; header_2_font=&#8221;Amatic SC|700|||||||&#8221; header_2_font_size=&#8221;42px&#8221; header_2_line_height=&#8221;1.2em&#8221; text_orientation=&#8221;center&#8221; module_alignment=&#8221;center&#8221; custom_margin=&#8221;-55px|||||&#8221; text_font_size_tablet=&#8221;&#8221; text_font_size_phone=&#8221;16px&#8221; text_font_size_last_edited=&#8221;on|desktop&#8221; header_2_font_size_tablet=&#8221;&#8221; header_2_font_size_phone=&#8221;32px&#8221; header_2_font_size_last_edited=&#8221;on|desktop&#8221;]<\/p>\n<p style=\"text-align: left;\">\u00a1Felicitaciones! \u00a1Tienes un beb\u00e9! Tener un beb\u00e9 reci\u00e9n nacido para cuidar es emocionante, pero tambi\u00e9n puede ser abrumador. Inmediatamente despu\u00e9s del nacimiento, es necesario realizarles muchas pruebas y procedimientos para garantizar su salud. Los beb\u00e9s deben ir al m\u00e9dico para un chequeo seis veces durante su primer a\u00f1o de vida para asegurarse de que est\u00e1 sanos y se est\u00e1n desarrollando normalmente. Como padre es natural tener muchas preguntas. Ya sea sobre la lactancia materna, la alimentaci\u00f3n, los horarios de sue\u00f1o o los hitos de crecimiento, podemos ayudar, respondiendo sus preguntas e inquietudes. Los futuros padres son bienvenidos a venir a una visita prenatal para conocer a nuestro equipo de doctores y enfermeras y ver la oficina. Comun\u00edquese con nosotros hoy mismo para hacer su cita.<\/p>\n<p>[\/et_pb_text][\/et_pb_column][et_pb_column type=&#8221;1_2&#8243; _builder_version=&#8221;4.4.8&#8243;][et_pb_text _builder_version=&#8221;4.4.8&#8243; header_font_size=&#8221;36px&#8221; custom_padding=&#8221;81px|||||&#8221; link_option_url=&#8221;#first_visit&#8221;]<\/p>\n<h1 id=\"h8skcv9bnf0ao0xt7tse071k7gp23\"><a href=\"#h8skcv9bnf0ao0xt7tse071k7gp23\"><img loading=\"lazy\" src=\"http:\/\/www.parrapediatrics.com\/wp-content\/uploads\/2020\/06\/baby-icon-2.png\" width=\"40\" height=\"45\" alt=\"\" class=\"wp-image-214 alignnone size-full\" \/>\u00a0Primera visita<\/a><\/h1>\n<p>[\/et_pb_text][et_pb_text admin_label=&#8221;#Regular_Checks &#8221; _builder_version=&#8221;4.4.8&#8243; header_font_size=&#8221;36px&#8221; link_option_url=&#8221;#at_home_care&#8221;]<\/p>\n<h1><img loading=\"lazy\" src=\"http:\/\/www.parrapediatrics.com\/wp-content\/uploads\/2020\/06\/clock-icon-1.png\" width=\"46\" height=\"45\" alt=\"\" class=\"wp-image-216 alignnone size-full\" \/>\u00a0Chequeos regulares<\/h1>\n<p>[\/et_pb_text][et_pb_text _builder_version=&#8221;4.4.8&#8243; header_font_size=&#8221;36px&#8221; link_option_url=&#8221;#regular_checks&#8221;]<\/p>\n<h1><img loading=\"lazy\" src=\"http:\/\/www.parrapediatrics.com\/wp-content\/uploads\/2020\/07\/vacuna-1.png\" width=\"53\" height=\"55\" alt=\"\" class=\"wp-image-960 alignnone size-full\" \/>\u00a0Vacunas<br \/>\n<\/h1>\n<p>[\/et_pb_text][et_pb_text _builder_version=&#8221;4.4.8&#8243; header_font_size=&#8221;36px&#8221; link_option_url=&#8221;http:\/\/www.parrapediatrics.com\/faq\/&#8221;]<\/p>\n<h1><img loading=\"lazy\" src=\"http:\/\/www.parrapediatrics.com\/wp-content\/uploads\/2020\/06\/question-icon-1.png\" width=\"46\" height=\"45\" class=\"wp-image-217 alignnone size-full\" \/><a href=\"http:\/\/www.parrapediatrics.com\/faq\/\">Preguntas frecuentes<br \/> <\/a><\/h1>\n<p>[\/et_pb_text][\/et_pb_column][\/et_pb_row][\/et_pb_section][et_pb_section fb_built=&#8221;1&#8243; module_id=&#8221;first_visit&#8221; _builder_version=&#8221;4.4.8&#8243; background_enable_image=&#8221;off&#8221; background_size=&#8221;initial&#8221; background_position=&#8221;bottom_right&#8221;][et_pb_row column_structure=&#8221;1_2,1_2&#8243; _builder_version=&#8221;4.4.8&#8243;][et_pb_column type=&#8221;1_2&#8243; _builder_version=&#8221;4.4.8&#8243;][et_pb_image src=&#8221;https:\/\/www.parrapediatrics.com\/es\/wp-content\/uploads\/2020\/09\/MEDIUM_shutterstock_362403827.jpg&#8221; title_text=&#8221;MEDIUM_shutterstock_362403827&#8243; _builder_version=&#8221;4.4.8&#8243; border_radii=&#8221;on|50%|50%|50%|50%&#8221; border_width_all=&#8221;4vw&#8221; border_color_all=&#8221;#ed232e&#8221; box_shadow_style=&#8221;preset2&#8243;][\/et_pb_image][\/et_pb_column][et_pb_column type=&#8221;1_2&#8243; _builder_version=&#8221;4.4.8&#8243;][et_pb_text module_class=&#8221;custom_bullet&#8221; _builder_version=&#8221;4.4.8&#8243; text_font=&#8221;||||||||&#8221; text_font_size=&#8221;16px&#8221; text_line_height=&#8221;1.8em&#8221; header_font=&#8221;Amatic SC|700|||||||&#8221; header_font_size=&#8221;77px&#8221; header_line_height=&#8221;1.2em&#8221; text_font_size_tablet=&#8221;&#8221; text_font_size_phone=&#8221;22px&#8221; text_font_size_last_edited=&#8221;on|desktop&#8221; header_font_size_tablet=&#8221;80px&#8221; header_font_size_phone=&#8221;60px&#8221; header_font_size_last_edited=&#8221;on|phone&#8221;]<\/p>\n<h1>Primera visita<img loading=\"lazy\" src=\"http:\/\/www.parrapediatrics.com\/wp-content\/uploads\/2020\/06\/baby-icon-2.png\" width=\"40\" height=\"45\" alt=\"\" class=\"wp-image-214 alignnone size-full\" \/><\/h1>\n<p><span>La primera visita al m\u00e9dico de tu beb\u00e9 ocurre durante su primera semana de vida, por lo general 1-2 d\u00edas despu\u00e9s de que te den de alta del hospital.<br \/>\nDurante la primera visita de tu beb\u00e9, el m\u00e9dico analizar\u00e1 tu parto y cualquier complicaci\u00f3n que hayas experimentado durante el mismo. Tambi\u00e9n ingresan informaci\u00f3n m\u00e9dica sobre su salud y la historia cl\u00ednica de su familia. En esta visita:<br \/>\n<br \/> <\/span><\/p>\n<ul>\n<li><span>Se comprueba el peso del beb\u00e9<br \/> <\/span><\/li>\n<li><span>Monitorea en busca de signos de ictericia<\/span><\/li>\n<li><span>Comprueba c\u00f3mo se est\u00e1 alimentando su beb\u00e9<\/span><\/li>\n<li><span>Se responde a preguntas sobre tu nuevo beb\u00e9<br \/>\n<\/span><\/li>\n<li><span>Comprueba el pulso, la respiraci\u00f3n y la temperatura.<br \/> <\/span><\/li>\n<li><span>Se dan vacunas si no se administraron previamente en el hospital<br \/> <\/span><\/li>\n<\/ul>\n<p>[\/et_pb_text][\/et_pb_column][\/et_pb_row][\/et_pb_section][et_pb_section fb_built=&#8221;1&#8243; module_id=&#8221;at_home_care&#8221; _builder_version=&#8221;4.4.8&#8243; background_color=&#8221;#f4f4f4&#8243;][et_pb_row column_structure=&#8221;1_2,1_2&#8243; _builder_version=&#8221;4.4.8&#8243;][et_pb_column type=&#8221;1_2&#8243; _builder_version=&#8221;4.4.8&#8243;][et_pb_image src=&#8221;https:\/\/www.parrapediatrics.com\/es\/wp-content\/uploads\/2020\/09\/MEDIUM_shutterstock_1730265901.jpg&#8221; title_text=&#8221;MEDIUM_shutterstock_1730265901&#8243; _builder_version=&#8221;4.4.8&#8243; transform_rotate=&#8221;0deg|0deg|346deg&#8221; animation_style=&#8221;slide&#8221; animation_direction=&#8221;left&#8221; animation_delay=&#8221;100ms&#8221; border_radii=&#8221;on|6vw|6vw|6vw|6vw&#8221; border_width_all=&#8221;4vw&#8221; border_color_all=&#8221;#ed232e&#8221; box_shadow_style=&#8221;preset2&#8243;][\/et_pb_image][\/et_pb_column][et_pb_column type=&#8221;1_2&#8243; _builder_version=&#8221;4.4.8&#8243;][et_pb_text admin_label=&#8221;#regular_checks&#8221; module_class=&#8221;custom_bullet&#8221; _builder_version=&#8221;4.4.8&#8243; text_font=&#8221;||||||||&#8221; text_font_size=&#8221;16px&#8221; text_line_height=&#8221;1.8em&#8221; header_font=&#8221;Amatic SC|700|||||||&#8221; header_font_size=&#8221;77px&#8221; header_line_height=&#8221;1.2em&#8221; text_font_size_tablet=&#8221;&#8221; text_font_size_phone=&#8221;22px&#8221; text_font_size_last_edited=&#8221;on|desktop&#8221; header_font_size_tablet=&#8221;80px&#8221; header_font_size_phone=&#8221;60px&#8221; header_font_size_last_edited=&#8221;on|phone&#8221;]<\/p>\n<h1>Chequeos regulares<img loading=\"lazy\" src=\"http:\/\/www.parrapediatrics.com\/wp-content\/uploads\/2020\/06\/clock-icon-1.png\" width=\"46\" height=\"45\" alt=\"\" class=\"wp-image-215 alignnone size-full\" \/><\/h1>\n<p><span>Los chequeos regulares son las visitas al m\u00e9dico del ni\u00f1o sano son una de las cosas m\u00e1s importantes que se puede hacer para mantener a su beb\u00e9 saludable. Los chequeos regulares tambi\u00e9n le permiten discutir cualquier pregunta o inquietud que pueda tener sobre la salud de su beb\u00e9 y su desarrollo. Recomendamos que su hijo(a) tenga un chequeo m\u00e9dico regular en los siguientes intervalos despu\u00e9s del nacimiento:<br \/>\n<br \/> <\/span><\/p>\n<ul>\n<li><span>VISITA DE LAS 2 SEMANAS<br \/> <\/span><\/li>\n<li><span>VISITA DE LOS 2 MESES<br \/> <\/span><\/li>\n<li><span>VISITA DE LOS 4 MESES<br \/> <\/span><\/li>\n<li><span><span>VISITA DE LOS 6 MESES<\/span><\/span><\/li>\n<li><span>VISITA DE LOS 9 MESES<br \/> <\/span><\/li>\n<li><span>VISITA DE LOS 12 MESES<\/span><\/li>\n<li><span><\/span>VISITA DE LOS 15 MESES<\/li>\n<li><span>VISITA DE LOS 18 MESES<br \/> <\/span><\/li>\n<li><span><span>VISITA DE LOS 24 MESES<\/span><\/span><\/li>\n<li><span>VISITA DE LOS 30 MESES<\/span><span><\/span><\/li>\n<\/ul>\n<p>[\/et_pb_text][\/et_pb_column][\/et_pb_row][\/et_pb_section][et_pb_section fb_built=&#8221;1&#8243; prev_background_color=&#8221;#f4f4f4&#8243; module_id=&#8221;regular_checks&#8221; _builder_version=&#8221;4.4.8&#8243; background_color=&#8221;#ffffff&#8221; custom_padding=&#8221;147px|||||&#8221; top_divider_style=&#8221;waves&#8221;][et_pb_row column_structure=&#8221;1_2,1_2&#8243; _builder_version=&#8221;4.4.8&#8243;][et_pb_column type=&#8221;1_2&#8243; _builder_version=&#8221;4.4.8&#8243;][et_pb_image src=&#8221;https:\/\/www.parrapediatrics.com\/es\/wp-content\/uploads\/2020\/09\/MEDIUM_shutterstock_648958369.jpg&#8221; title_text=&#8221;MEDIUM_shutterstock_648958369&#8243; _builder_version=&#8221;4.4.8&#8243; transform_rotate=&#8221;0deg|0deg|18deg&#8221; animation_style=&#8221;slide&#8221; animation_direction=&#8221;left&#8221; animation_delay=&#8221;100ms&#8221; border_radii=&#8221;on|6vw|6vw|6vw|6vw&#8221; border_width_all=&#8221;4vw&#8221; border_color_all=&#8221;#ed232e&#8221; box_shadow_style=&#8221;preset2&#8243;][\/et_pb_image][\/et_pb_column][et_pb_column type=&#8221;1_2&#8243; _builder_version=&#8221;4.4.8&#8243;][et_pb_text module_class=&#8221;custom_bullet&#8221; _builder_version=&#8221;4.4.8&#8243; text_font=&#8221;||||||||&#8221; text_font_size=&#8221;16px&#8221; text_line_height=&#8221;1.8em&#8221; header_font=&#8221;Amatic SC|700|||||||&#8221; header_font_size=&#8221;77px&#8221; header_line_height=&#8221;1.2em&#8221; text_font_size_tablet=&#8221;&#8221; text_font_size_phone=&#8221;22px&#8221; text_font_size_last_edited=&#8221;on|desktop&#8221; header_font_size_tablet=&#8221;80px&#8221; header_font_size_phone=&#8221;60px&#8221; header_font_size_last_edited=&#8221;on|phone&#8221;]<\/p>\n<h1>Vacunas  <img loading=\"lazy\" src=\"http:\/\/www.parrapediatrics.com\/wp-content\/uploads\/2020\/07\/vacuna-1.png\" width=\"53\" height=\"55\" alt=\"\" class=\"wp-image-960 alignnone size-full\" \/><\/h1>\n<p><span>Los beb\u00e9s y los ni\u00f1os peque\u00f1os necesitan vacunas porque las enfermedades contra las que protegen pueden atacar a una temprana edad y pueden ser muy peligrosas en la infancia. Esto incluye enfermedades raras y m\u00e1s comunes, como la gripe. Como pediatra, el Doctor Parra recomienda lo que est\u00e1 en el mejor inter\u00e9s de sus pacientes basado en evidencia cient\u00edfica.<br \/>\nEs de suma importancia seguir el calendario de inmunizaci\u00f3n. Retrasar las vacunas s\u00f3lo deja a un ni\u00f1o en riesgo de contagio durante un per\u00edodo prolongado. Las vacunas es una de las pr\u00e1cticas m\u00e1s eficaces que tenemos para prevenir enfermedades.<br \/>\n<\/span><\/p>\n<p>[\/et_pb_text][\/et_pb_column][\/et_pb_row][\/et_pb_section][et_pb_section fb_built=&#8221;1&#8243; admin_label=&#8221;Footer&#8221; _builder_version=&#8221;4.4.8&#8243; background_color=&#8221;#f4f4f4&#8243; custom_padding=&#8221;||0px||false|false&#8221;][et_pb_row custom_padding_last_edited=&#8221;on|desktop&#8221; _builder_version=&#8221;4.4.8&#8243; background_color=&#8221;#eaeaea&#8221; width=&#8221;90%&#8221; width_tablet=&#8221;95%&#8221; width_phone=&#8221;&#8221; width_last_edited=&#8221;on|desktop&#8221; max_width=&#8221;none&#8221; module_alignment=&#8221;right&#8221; overflow-x=&#8221;visible&#8221; overflow-y=&#8221;visible&#8221; custom_padding=&#8221;60px|10vw|5vw|40px|false|false&#8221; custom_padding_tablet=&#8221;|40px|||false|false&#8221; custom_padding_phone=&#8221;&#8221; border_radii=&#8221;|200px|||&#8221; border_radii_tablet=&#8221;|0px|||&#8221; border_radii_phone=&#8221;&#8221; border_radii_last_edited=&#8221;on|tablet&#8221;][et_pb_column type=&#8221;4_4&#8243; _builder_version=&#8221;3.26&#8243;][et_pb_text _builder_version=&#8221;4.4.8&#8243; text_font=&#8221;||||||||&#8221; text_font_size=&#8221;16px&#8221; text_line_height=&#8221;1.8em&#8221; header_font=&#8221;||||||||&#8221; header_2_font=&#8221;Amatic SC|700|||||||&#8221; header_2_font_size=&#8221;80px&#8221; header_2_line_height=&#8221;1.2em&#8221; text_orientation=&#8221;center&#8221; max_width=&#8221;700px&#8221; module_alignment=&#8221;center&#8221; custom_margin=&#8221;|384px||||&#8221; header_2_font_size_tablet=&#8221;60px&#8221; header_2_font_size_phone=&#8221;32px&#8221; header_2_font_size_last_edited=&#8221;on|phone&#8221;]<\/p>\n<h2>\u00bfBuscas un pediatra?<br \/>\n<\/h2>\n<p><span>A medida que el embarazo avanza, los padres tienen una larga lista de decisiones importantes que deben tomar. Una de ellas es elegir un pediatra. Los futuros padres generalmente comienzan su b\u00fasqueda unos tres meses antes de la fecha de parto del beb\u00e9. Con Parra Pediatrics, puede sentirse seguro de que nuestros m\u00e9dicos experimentados le dar\u00e1n a su reci\u00e9n nacido la excelente atenci\u00f3n para mantener a su beb\u00e9 sano y fuerte.<br \/>\n<\/span><\/p>\n<p>[\/et_pb_text][et_pb_button button_url=&#8221;https:\/\/www.parrapediatrics.com\/es\/contact-2\/&#8221; button_text=&#8221;Solicitar una cita&#8221; button_alignment=&#8221;center&#8221; _builder_version=&#8221;4.4.8&#8243; custom_button=&#8221;on&#8221; button_text_size=&#8221;18px&#8221; button_bg_color=&#8221;#e02b20&#8243; button_border_color=&#8221;rgba(0,0,0,0)&#8221; button_border_radius=&#8221;50px&#8221; button_font=&#8221;|700|||||||&#8221; button_icon=&#8221;%%3%%&#8221; background_layout=&#8221;dark&#8221; custom_padding=&#8221;15px|40px|15px|40px|true|true&#8221; hover_enabled=&#8221;0&#8243;][\/et_pb_button][\/et_pb_column][\/et_pb_row][\/et_pb_section]<\/p>\n","protected":false},"excerpt":{"rendered":"<p>Reci\u00e9n nacidos Para la alegr\u00eda del hogar Empecemos desde el principio &nbsp;\u00a1Felicitaciones! \u00a1Tienes un beb\u00e9! Tener un beb\u00e9 reci\u00e9n nacido para cuidar es emocionante, pero tambi\u00e9n puede ser abrumador. Inmediatamente despu\u00e9s del nacimiento, es necesario realizarles muchas pruebas y procedimientos para garantizar su salud. Los beb\u00e9s deben ir al m\u00e9dico para un chequeo seis veces [&hellip;]<\/p>\n","protected":false},"author":1,"featured_media":0,"parent":0,"menu_order":0,"comment_status":"closed","ping_status":"closed","template":"","meta":{"_et_pb_use_builder":"on","_et_pb_old_content":"","_et_gb_content_width":""},"_links":{"self":[{"href":"https:\/\/www.parrapediatrics.com\/es\/wp-json\/wp\/v2\/pages\/196"}],"collection":[{"href":"https:\/\/www.parrapediatrics.com\/es\/wp-json\/wp\/v2\/pages"}],"about":[{"href":"https:\/\/www.parrapediatrics.com\/es\/wp-json\/wp\/v2\/types\/page"}],"author":[{"embeddable":true,"href":"https:\/\/www.parrapediatrics.com\/es\/wp-json\/wp\/v2\/users\/1"}],"replies":[{"embeddable":true,"href":"https:\/\/www.parrapediatrics.com\/es\/wp-json\/wp\/v2\/comments?post=196"}],"version-history":[{"count":4,"href":"https:\/\/www.parrapediatrics.com\/es\/wp-json\/wp\/v2\/pages\/196\/revisions"}],"predecessor-version":[{"id":1629,"href":"https:\/\/www.parrapediatrics.com\/es\/wp-json\/wp\/v2\/pages\/196\/revisions\/1629"}],"wp:attachment":[{"href":"https:\/\/www.parrapediatrics.com\/es\/wp-json\/wp\/v2\/media?parent=196"}],"curies":[{"name":"wp","href":"https:\/\/api.w.org\/{rel}","templated":true}]}}