{"id":1272,"date":"2020-08-29T23:18:07","date_gmt":"2020-08-29T23:18:07","guid":{"rendered":"http:\/\/www.parrapediatrics.com\/?page_id=1272"},"modified":"2026-02-25T05:38:10","modified_gmt":"2026-02-25T05:38:10","slug":"our-staff","status":"publish","type":"page","link":"https:\/\/www.parrapediatrics.com\/es\/our-staff\/","title":{"rendered":"Our Staff"},"content":{"rendered":"<p>[et_pb_section fb_built=&#8221;1&#8243; custom_padding_last_edited=&#8221;on|phone&#8221; admin_label=&#8221;Header&#8221; _builder_version=&#8221;4.16&#8243; background_color=&#8221;#fffffff&#8221; background_enable_image=&#8221;off&#8221; background_size=&#8221;contain&#8221; background_position=&#8221;bottom_center&#8221; overflow-x=&#8221;hidden&#8221; overflow-y=&#8221;hidden&#8221; custom_padding=&#8221;||0vw||false|false&#8221; custom_padding_tablet=&#8221;&#8221; custom_padding_phone=&#8221;||0px||false|false&#8221; locked=&#8221;off&#8221; global_colors_info=&#8221;{}&#8221;][et_pb_row column_structure=&#8221;1_2,1_2&#8243; _builder_version=&#8221;4.16&#8243; custom_padding=&#8221;||0px|||&#8221; global_colors_info=&#8221;{}&#8221;][et_pb_column type=&#8221;1_2&#8243; _builder_version=&#8221;4.16&#8243; global_colors_info=&#8221;{}&#8221;][et_pb_text content_tablet=&#8221;&#8221; content_phone=&#8221;<\/p>\n<h1 style=%22text-align: center;%22>Our Staff<\/h1>\n<p>&#8221; content_last_edited=&#8221;on|phone&#8221; _builder_version=&#8221;4.16&#8243; text_font=&#8221;||||||||&#8221; text_font_size=&#8221;24px&#8221; text_line_height=&#8221;1.8em&#8221; header_font=&#8221;Amatic SC|700|||||||&#8221; header_font_size=&#8221;130px&#8221; header_line_height=&#8221;1.2em&#8221; text_font_size_tablet=&#8221;&#8221; text_font_size_phone=&#8221;22px&#8221; text_font_size_last_edited=&#8221;on|desktop&#8221; header_font_size_tablet=&#8221;80px&#8221; header_font_size_phone=&#8221;60px&#8221; header_font_size_last_edited=&#8221;on|phone&#8221; global_colors_info=&#8221;{}&#8221;]<\/p>\n<h1>Nuestro Equipo<\/h1>\n<p>[\/et_pb_text][\/et_pb_column][et_pb_column type=&#8221;1_2&#8243; _builder_version=&#8221;4.16&#8243; global_colors_info=&#8221;{}&#8221;][\/et_pb_column][\/et_pb_row][\/et_pb_section][et_pb_section fb_built=&#8221;1&#8243; next_background_color=&#8221;#ffffff&#8221; _builder_version=&#8221;4.16&#8243; use_background_color_gradient=&#8221;on&#8221; background_color_gradient_stops=&#8221;#ffffff 0%|#bfe3ff 100%&#8221; background_color_gradient_start=&#8221;#ffffff&#8221; background_color_gradient_end=&#8221;#bfe3ff&#8221; custom_padding=&#8221;11px||91px|||&#8221; bottom_divider_style=&#8221;waves&#8221; global_colors_info=&#8221;{}&#8221;][et_pb_row _builder_version=&#8221;4.16&#8243; global_colors_info=&#8221;{}&#8221;][et_pb_column type=&#8221;4_4&#8243; _builder_version=&#8221;4.16&#8243; global_colors_info=&#8221;{}&#8221;][et_pb_text _builder_version=&#8221;4.16&#8243; text_font=&#8221;||||||||&#8221; text_font_size=&#8221;18px&#8221; text_line_height=&#8221;2em&#8221; header_font=&#8221;||||||||&#8221; header_2_font=&#8221;Amatic SC|700|||||||&#8221; header_2_font_size=&#8221;42px&#8221; header_2_line_height=&#8221;1.2em&#8221; text_orientation=&#8221;center&#8221; module_alignment=&#8221;center&#8221; text_font_size_tablet=&#8221;&#8221; text_font_size_phone=&#8221;16px&#8221; text_font_size_last_edited=&#8221;on|desktop&#8221; header_2_font_size_tablet=&#8221;&#8221; header_2_font_size_phone=&#8221;32px&#8221; header_2_font_size_last_edited=&#8221;on|desktop&#8221; global_colors_info=&#8221;{}&#8221;]<\/p>\n<p style=\"text-align: left;\">Parra Pediatrics se compone de un grupo diverso de proveedores y personal c\u00e1lidos, amables, atentos y altamente capacitados. Nuestro enfoque colaborativo nos permite esforzarnos por hacer una diferencia en la calidad de la atenci\u00f3n que, en conjunto, proporcionamos a nuestros pacientes. Muchos de nosotros somos padres tambi\u00e9n, por lo que comprendemos a los padres de nuestros pacientes, y nos sentimos privilegiados de tener a su hijo(a) como paciente. Nuestro equipo considera que es una gran alegr\u00eda y responsabilidad cuidar de la salud de los ni\u00f1os(as), ya que es tan importante para nosotros como lo es para usted. Esperamos poder proporcionarle la mejor atenci\u00f3n m\u00e9dica que su hijo(a) se merece.\n<\/p>\n<p>[\/et_pb_text][\/et_pb_column][\/et_pb_row][\/et_pb_section][et_pb_section fb_built=&#8221;1&#8243; module_id=&#8221;first_visit&#8221; _builder_version=&#8221;4.16&#8243; background_enable_image=&#8221;off&#8221; background_size=&#8221;contain&#8221; background_position=&#8221;bottom_left&#8221; custom_padding=&#8221;22px||46px|||&#8221; bottom_divider_style=&#8221;waves&#8221; bottom_divider_color=&#8221;#ffffff&#8221; bottom_divider_height=&#8221;62px&#8221; bottom_divider_style_tablet=&#8221;&#8221; bottom_divider_style_phone=&#8221;none&#8221; bottom_divider_style_last_edited=&#8221;on|phone&#8221; global_colors_info=&#8221;{}&#8221;][et_pb_row _builder_version=&#8221;4.16&#8243; global_colors_info=&#8221;{}&#8221;][et_pb_column type=&#8221;4_4&#8243; _builder_version=&#8221;4.16&#8243; global_colors_info=&#8221;{}&#8221;][et_pb_text module_class=&#8221;custom_bullet&#8221; _builder_version=&#8221;4.16&#8243; text_font=&#8221;||||||||&#8221; text_font_size=&#8221;16px&#8221; text_line_height=&#8221;1.8em&#8221; header_font=&#8221;Amatic SC|700|||||||&#8221; header_font_size=&#8221;77px&#8221; header_line_height=&#8221;1.2em&#8221; text_font_size_tablet=&#8221;&#8221; text_font_size_phone=&#8221;22px&#8221; text_font_size_last_edited=&#8221;on|desktop&#8221; header_font_size_tablet=&#8221;80px&#8221; header_font_size_phone=&#8221;60px&#8221; header_font_size_last_edited=&#8221;on|phone&#8221; global_colors_info=&#8221;{}&#8221;]<\/p>\n<h1>Beltway 8<\/h1>\n<p>[\/et_pb_text][\/et_pb_column][\/et_pb_row][et_pb_row _builder_version=&#8221;4.16&#8243; global_colors_info=&#8221;{}&#8221;][et_pb_column type=&#8221;4_4&#8243; _builder_version=&#8221;4.16&#8243; global_colors_info=&#8221;{}&#8221;][et_pb_image src=&#8221;https:\/\/www.parrapediatrics.com\/es\/wp-content\/uploads\/2025\/10\/Captura-de-pantalla-2025-10-29-210621.png&#8221; alt=&#8221;Parra Pediatrics Beltway 8 Team&#8221; title_text=&#8221;Captura de pantalla 2025-10-29 210621&#8243; _builder_version=&#8221;4.27.4&#8243; hover_enabled=&#8221;0&#8243; global_colors_info=&#8221;{}&#8221; sticky_enabled=&#8221;0&#8243;][\/et_pb_image][\/et_pb_column][\/et_pb_row][\/et_pb_section][et_pb_section fb_built=&#8221;1&#8243; disabled_on=&#8221;off|off|off&#8221; module_id=&#8221;first_visit&#8221; _builder_version=&#8221;4.16&#8243; background_image=&#8221;http:\/\/www.parrapediatrics.com\/wp-content\/uploads\/2020\/07\/corazon3.png&#8221; background_size=&#8221;contain&#8221; background_position=&#8221;bottom_left&#8221; min_height=&#8221;249px&#8221; custom_margin=&#8221;-31px||-52px|||&#8221; custom_padding=&#8221;||287px|||&#8221; bottom_divider_style=&#8221;waves&#8221; bottom_divider_color=&#8221;#ffffff&#8221; bottom_divider_height=&#8221;62px&#8221; bottom_divider_style_tablet=&#8221;&#8221; bottom_divider_style_phone=&#8221;none&#8221; bottom_divider_style_last_edited=&#8221;on|phone&#8221; background_last_edited=&#8221;on|phone&#8221; background_enable_image_phone=&#8221;off&#8221; parallax_phone=&#8221;off&#8221; global_colors_info=&#8221;{}&#8221; background__hover_enabled=&#8221;off|desktop&#8221; title_text_phone=&#8221;parra-pediatrics-4&#8243;][et_pb_row _builder_version=&#8221;4.16&#8243; global_colors_info=&#8221;{}&#8221;][et_pb_column type=&#8221;4_4&#8243; _builder_version=&#8221;4.16&#8243; global_colors_info=&#8221;{}&#8221;][et_pb_text module_class=&#8221;custom_bullet&#8221; _builder_version=&#8221;4.16&#8243; text_font=&#8221;||||||||&#8221; text_font_size=&#8221;16px&#8221; text_line_height=&#8221;1.8em&#8221; header_font=&#8221;Amatic SC|700|||||||&#8221; header_font_size=&#8221;77px&#8221; header_line_height=&#8221;1.2em&#8221; text_font_size_tablet=&#8221;&#8221; text_font_size_phone=&#8221;22px&#8221; text_font_size_last_edited=&#8221;on|desktop&#8221; header_font_size_tablet=&#8221;80px&#8221; header_font_size_phone=&#8221;60px&#8221; header_font_size_last_edited=&#8221;on|phone&#8221; global_colors_info=&#8221;{}&#8221;]<\/p>\n<h1>Spring Branch<\/h1>\n<p>[\/et_pb_text][\/et_pb_column][\/et_pb_row][et_pb_row _builder_version=&#8221;4.16&#8243; global_colors_info=&#8221;{}&#8221;][et_pb_column type=&#8221;4_4&#8243; _builder_version=&#8221;4.16&#8243; global_colors_info=&#8221;{}&#8221;][et_pb_image src=&#8221;https:\/\/www.parrapediatrics.com\/es\/wp-content\/uploads\/2026\/02\/staff-1-editada-canva.png&#8221; title_text=&#8221;staff 1 editada canva&#8221; _builder_version=&#8221;4.27.4&#8243; hover_enabled=&#8221;0&#8243; global_colors_info=&#8221;{}&#8221; sticky_enabled=&#8221;0&#8243;][\/et_pb_image][\/et_pb_column][\/et_pb_row][\/et_pb_section]<\/p>\n","protected":false},"excerpt":{"rendered":"<p>Nuestro EquipoParra Pediatrics se compone de un grupo diverso de proveedores y personal c\u00e1lidos, amables, atentos y altamente capacitados. Nuestro enfoque colaborativo nos permite esforzarnos por hacer una diferencia en la calidad de la atenci\u00f3n que, en conjunto, proporcionamos a nuestros pacientes. Muchos de nosotros somos padres tambi\u00e9n, por lo que comprendemos a los padres [&hellip;]<\/p>\n","protected":false},"author":1,"featured_media":0,"parent":0,"menu_order":0,"comment_status":"closed","ping_status":"closed","template":"","meta":{"_et_pb_use_builder":"on","_et_pb_old_content":"","_et_gb_content_width":""},"_links":{"self":[{"href":"https:\/\/www.parrapediatrics.com\/es\/wp-json\/wp\/v2\/pages\/1272"}],"collection":[{"href":"https:\/\/www.parrapediatrics.com\/es\/wp-json\/wp\/v2\/pages"}],"about":[{"href":"https:\/\/www.parrapediatrics.com\/es\/wp-json\/wp\/v2\/types\/page"}],"author":[{"embeddable":true,"href":"https:\/\/www.parrapediatrics.com\/es\/wp-json\/wp\/v2\/users\/1"}],"replies":[{"embeddable":true,"href":"https:\/\/www.parrapediatrics.com\/es\/wp-json\/wp\/v2\/comments?post=1272"}],"version-history":[{"count":6,"href":"https:\/\/www.parrapediatrics.com\/es\/wp-json\/wp\/v2\/pages\/1272\/revisions"}],"predecessor-version":[{"id":1790,"href":"https:\/\/www.parrapediatrics.com\/es\/wp-json\/wp\/v2\/pages\/1272\/revisions\/1790"}],"wp:attachment":[{"href":"https:\/\/www.parrapediatrics.com\/es\/wp-json\/wp\/v2\/media?parent=1272"}],"curies":[{"name":"wp","href":"https:\/\/api.w.org\/{rel}","templated":true}]}}