{"id":1003,"date":"2020-07-29T19:06:51","date_gmt":"2020-07-29T19:06:51","guid":{"rendered":"http:\/\/www.parrapediatrics.com\/?page_id=1003"},"modified":"2025-05-07T00:36:21","modified_gmt":"2025-05-07T00:36:21","slug":"insurance","status":"publish","type":"page","link":"https:\/\/www.parrapediatrics.com\/es\/insurance\/","title":{"rendered":"Insurance"},"content":{"rendered":"<p>[et_pb_section fb_built=&#8221;1&#8243; custom_padding_last_edited=&#8221;on|phone&#8221; next_background_color=&#8221;#ffffff&#8221; _builder_version=&#8221;4.4.8&#8243; use_background_color_gradient=&#8221;on&#8221; background_color_gradient_start=&#8221;#ffffff&#8221; background_color_gradient_end=&#8221;#bfe3ff&#8221; custom_padding=&#8221;||336px|||&#8221; custom_padding_tablet=&#8221;&#8221; custom_padding_phone=&#8221;||78px||false|false&#8221; bottom_divider_style=&#8221;waves&#8221; bottom_divider_height_tablet=&#8221;&#8221; bottom_divider_height_phone=&#8221;59px&#8221; bottom_divider_height_last_edited=&#8221;on|phone&#8221;][et_pb_row _builder_version=&#8221;4.4.8&#8243;][et_pb_column type=&#8221;4_4&#8243; _builder_version=&#8221;4.4.8&#8243;][et_pb_text module_class=&#8221;custom_bullet&#8221; _builder_version=&#8221;4.4.8&#8243; text_font=&#8221;||||||||&#8221; text_font_size=&#8221;16px&#8221; text_line_height=&#8221;1.8em&#8221; header_font=&#8221;Amatic SC|700|||||||&#8221; header_font_size=&#8221;77px&#8221; header_line_height=&#8221;1.2em&#8221; min_height=&#8221;89px&#8221; custom_margin=&#8221;||-4px|||&#8221; custom_padding=&#8221;||0px|||&#8221; text_font_size_tablet=&#8221;&#8221; text_font_size_phone=&#8221;22px&#8221; text_font_size_last_edited=&#8221;on|desktop&#8221; header_font_size_tablet=&#8221;80px&#8221; header_font_size_phone=&#8221;60px&#8221; header_font_size_last_edited=&#8221;on|phone&#8221;]<\/p>\n<h1 style=\"text-align: center;\"><strong>SEGUROS<br \/>\n<\/strong><\/h1>\n<h1><\/h1>\n<p>&nbsp;<\/p>\n<p>[\/et_pb_text][et_pb_text _builder_version=&#8221;4.4.8&#8243; text_font_size=&#8221;18px&#8221; hover_enabled=&#8221;0&#8243;]<\/p>\n<h5 style=\"text-align: center;\">Aceptamos la mayor\u00eda de los seguros privados y Medicaid. Si el plan es HMO, el Dr. C\u00e9sar Parra debe ser su m\u00e9dico primario (PCP).<\/h5>\n<p>[\/et_pb_text][\/et_pb_column][\/et_pb_row][et_pb_row column_structure=&#8221;1_3,1_3,1_3&#8243; _builder_version=&#8221;4.4.8&#8243; custom_padding=&#8221;25px|||||&#8221;][et_pb_column type=&#8221;1_3&#8243; _builder_version=&#8221;4.4.8&#8243;][et_pb_image src=&#8221;https:\/\/www.parrapediatrics.com\/es\/wp-content\/uploads\/2020\/09\/BSBC-Logo.png&#8221; title_text=&#8221;BSBC Logo&#8221; align=&#8221;center&#8221; _builder_version=&#8221;4.4.8&#8243;][\/et_pb_image][et_pb_text _builder_version=&#8221;4.4.8&#8243; hover_enabled=&#8221;0&#8243;]<\/p>\n<p style=\"text-align: center;\">Medicaid, Marketplace, HMO &amp; PPO<\/p>\n<p>[\/et_pb_text][\/et_pb_column][et_pb_column type=&#8221;1_3&#8243; _builder_version=&#8221;4.4.8&#8243;][et_pb_image src=&#8221;https:\/\/www.parrapediatrics.com\/es\/wp-content\/uploads\/2020\/09\/cigna-logo.png&#8221; title_text=&#8221;cigna-logo&#8221; align=&#8221;center&#8221; _builder_version=&#8221;4.4.8&#8243; custom_padding=&#8221;||4px|||&#8221; min_height=&#8221;56px&#8221;][\/et_pb_image][et_pb_text _builder_version=&#8221;4.4.8&#8243; min_height=&#8221;15px&#8221;]<\/p>\n<p style=\"text-align: center;\">HMO &amp; PPO<\/p>\n<p>[\/et_pb_text][\/et_pb_column][et_pb_column type=&#8221;1_3&#8243; _builder_version=&#8221;4.4.8&#8243;][et_pb_image src=&#8221;https:\/\/www.parrapediatrics.com\/es\/wp-content\/uploads\/2020\/09\/Aetna-Logo.png&#8221; title_text=&#8221;Aetna Logo&#8221; align=&#8221;center&#8221; _builder_version=&#8221;4.4.8&#8243;][\/et_pb_image][et_pb_text _builder_version=&#8221;4.4.8&#8243; hover_enabled=&#8221;0&#8243;]<\/p>\n<p style=\"text-align: center;\">Marketplace, HMO &amp; PPO<\/p>\n<p>[\/et_pb_text][\/et_pb_column][\/et_pb_row][et_pb_row column_structure=&#8221;1_3,1_3,1_3&#8243; _builder_version=&#8221;4.4.8&#8243; custom_padding=&#8221;25px|||||&#8221; custom_margin=&#8221;-20px|auto||auto||&#8221;][et_pb_column type=&#8221;1_3&#8243; _builder_version=&#8221;4.4.8&#8243;][et_pb_image src=&#8221;https:\/\/www.parrapediatrics.com\/es\/wp-content\/uploads\/2020\/09\/Superior_logo.png&#8221; title_text=&#8221;Superior_logo&#8221; align=&#8221;center&#8221; _builder_version=&#8221;4.4.8&#8243;][\/et_pb_image][et_pb_text _builder_version=&#8221;4.4.8&#8243; hover_enabled=&#8221;0&#8243; custom_margin=&#8221;-26px|||||&#8221;]<\/p>\n<p style=\"text-align: center;\">Medicaid<\/p>\n<p>[\/et_pb_text][\/et_pb_column][et_pb_column type=&#8221;1_3&#8243; _builder_version=&#8221;4.4.8&#8243;][et_pb_image src=&#8221;https:\/\/www.parrapediatrics.com\/es\/wp-content\/uploads\/2020\/09\/molina_logo.png&#8221; title_text=&#8221;molina_logo&#8221; align=&#8221;center&#8221; _builder_version=&#8221;4.4.8&#8243; custom_padding=&#8221;||0px|||&#8221;][\/et_pb_image][et_pb_text _builder_version=&#8221;4.4.8&#8243; hover_enabled=&#8221;0&#8243;]<\/p>\n<p style=\"text-align: center;\">Medicaid, Marketplace, HMO &amp; PPO<\/p>\n<p>[\/et_pb_text][\/et_pb_column][et_pb_column type=&#8221;1_3&#8243; _builder_version=&#8221;4.4.8&#8243;][et_pb_image src=&#8221;https:\/\/www.parrapediatrics.com\/es\/wp-content\/uploads\/2020\/09\/United-Healthcare-Logo-300&#215;94.png&#8221; title_text=&#8221;United Healthcare Logo&#8221; align=&#8221;center&#8221; _builder_version=&#8221;4.4.8&#8243; hover_enabled=&#8221;0&#8243; custom_padding=&#8221;0px||0px|||&#8221; min_height=&#8221;51px&#8221;][\/et_pb_image][et_pb_text _builder_version=&#8221;4.4.8&#8243; hover_enabled=&#8221;0&#8243; min_height=&#8221;16px&#8221;]<\/p>\n<p style=\"text-align: center;\">Marketplace, HMO &amp; PPO<\/p>\n<p>[\/et_pb_text][\/et_pb_column][\/et_pb_row][et_pb_row column_structure=&#8221;1_3,1_3,1_3&#8243; _builder_version=&#8221;4.4.8&#8243; min_height=&#8221;153px&#8221; custom_padding=&#8221;4px|||||&#8221;][et_pb_column type=&#8221;1_3&#8243; _builder_version=&#8221;4.4.8&#8243;][et_pb_image src=&#8221;https:\/\/www.parrapediatrics.com\/es\/wp-content\/uploads\/2020\/09\/AAmerigroup.png&#8221; title_text=&#8221;AAmerigroup&#8221; align=&#8221;center&#8221; _builder_version=&#8221;4.4.8&#8243;][\/et_pb_image][\/et_pb_column][et_pb_column type=&#8221;1_3&#8243; _builder_version=&#8221;4.4.8&#8243;][et_pb_image src=&#8221;https:\/\/www.parrapediatrics.com\/es\/wp-content\/uploads\/2020\/09\/Texas-Children-HP.png&#8221; title_text=&#8221;Texas Children HP&#8221; align=&#8221;center&#8221; _builder_version=&#8221;4.4.8&#8243; custom_margin=&#8221;-35px||-26px|||&#8221;][\/et_pb_image][et_pb_text _builder_version=&#8221;4.4.8&#8243; hover_enabled=&#8221;0&#8243; min_height=&#8221;3px&#8221;]<\/p>\n<p style=\"text-align: center;\">Medicaid<\/p>\n<p>[\/et_pb_text][\/et_pb_column][et_pb_column type=&#8221;1_3&#8243; _builder_version=&#8221;4.4.8&#8243;][et_pb_image src=&#8221;https:\/\/www.parrapediatrics.com\/es\/wp-content\/uploads\/2020\/09\/COM-health-Choice-LOGO.png&#8221; title_text=&#8221;COM health Choice LOGO&#8221; align=&#8221;center&#8221; _builder_version=&#8221;4.4.8&#8243; min_height=&#8221;77px&#8221; custom_margin=&#8221;||12px|||&#8221;][\/et_pb_image][et_pb_text _builder_version=&#8221;4.4.8&#8243; hover_enabled=&#8221;0&#8243; min_height=&#8221;23px&#8221;]<\/p>\n<p style=\"text-align: center;\">Medicaid, Marketplace, HMO &amp; PPO<\/p>\n<p>[\/et_pb_text][\/et_pb_column][\/et_pb_row][et_pb_row column_structure=&#8221;1_3,1_3,1_3&#8243; _builder_version=&#8221;4.4.8&#8243; min_height=&#8221;153px&#8221; custom_padding=&#8221;4px|||||&#8221;][et_pb_column type=&#8221;1_3&#8243; _builder_version=&#8221;4.4.8&#8243;][et_pb_image src=&#8221;https:\/\/www.parrapediatrics.com\/es\/wp-content\/uploads\/2020\/09\/Texas-Medicaid.png&#8221; title_text=&#8221;Texas Medicaid&#8221; align=&#8221;center&#8221; _builder_version=&#8221;4.4.8&#8243; hover_enabled=&#8221;0&#8243;][\/et_pb_image][et_pb_text _builder_version=&#8221;4.4.8&#8243; hover_enabled=&#8221;0&#8243; min_height=&#8221;20px&#8221;]<\/p>\n<p style=\"text-align: center;\">Medicaid<\/p>\n<p>[\/et_pb_text][\/et_pb_column][et_pb_column type=&#8221;1_3&#8243; _builder_version=&#8221;4.4.8&#8243;][et_pb_image src=&#8221;https:\/\/www.parrapediatrics.com\/es\/wp-content\/uploads\/2025\/05\/wellpoint-insurance-logo.png&#8221; title_text=&#8221;wellpoint-insurance-logo&#8221; align=&#8221;center&#8221; _builder_version=&#8221;4.4.8&#8243; custom_margin=&#8221;-35px||-26px|||&#8221; hover_enabled=&#8221;0&#8243;][\/et_pb_image][et_pb_text _builder_version=&#8221;4.4.8&#8243; hover_enabled=&#8221;0&#8243; min_height=&#8221;13px&#8221;]<\/p>\n<p style=\"text-align: center;\">Medicaid<\/p>\n<p>[\/et_pb_text][\/et_pb_column][et_pb_column type=&#8221;1_3&#8243; _builder_version=&#8221;4.4.8&#8243;][et_pb_image src=&#8221;https:\/\/www.parrapediatrics.com\/es\/wp-content\/uploads\/2025\/05\/chip-logo-300&#215;178.png&#8221; title_text=&#8221;chip logo&#8221; align=&#8221;center&#8221; _builder_version=&#8221;4.4.8&#8243; min_height=&#8221;77px&#8221; hover_enabled=&#8221;0&#8243; custom_margin=&#8221;||12px|||&#8221;][\/et_pb_image][\/et_pb_column][\/et_pb_row][et_pb_row _builder_version=&#8221;4.4.8&#8243; min_height=&#8221;153px&#8221; custom_padding=&#8221;4px|||||&#8221;][et_pb_column type=&#8221;4_4&#8243; _builder_version=&#8221;4.4.8&#8243;][et_pb_image src=&#8221;https:\/\/www.parrapediatrics.com\/es\/wp-content\/uploads\/2025\/05\/Ambetter-300&#215;215.png&#8221; title_text=&#8221;Ambetter&#8221; align=&#8221;center&#8221; _builder_version=&#8221;4.4.8&#8243; hover_enabled=&#8221;0&#8243;][\/et_pb_image][\/et_pb_column][\/et_pb_row][\/et_pb_section][et_pb_section fb_built=&#8221;1&#8243; module_id=&#8221;first_visit&#8221; _builder_version=&#8221;4.4.8&#8243; background_image=&#8221;http:\/\/www.parrapediatrics.com\/wp-content\/uploads\/2020\/07\/flor-mariposa.png&#8221; background_size=&#8221;contain&#8221; background_position=&#8221;top_left&#8221; min_height=&#8221;494px&#8221; custom_margin=&#8221;||35px||false|false&#8221; custom_padding=&#8221;10px||6px||false|false&#8221; bottom_divider_color=&#8221;#ffffff&#8221; bottom_divider_height=&#8221;62px&#8221;][et_pb_row _builder_version=&#8221;4.4.8&#8243; min_height=&#8221;144px&#8221;][et_pb_column type=&#8221;4_4&#8243; _builder_version=&#8221;4.4.8&#8243;][et_pb_text module_class=&#8221;custom_bullet&#8221; _builder_version=&#8221;4.4.8&#8243; text_font=&#8221;||||||||&#8221; text_font_size=&#8221;16px&#8221; text_line_height=&#8221;1.8em&#8221; header_font=&#8221;Amatic SC|700|||||||&#8221; header_font_size=&#8221;77px&#8221; header_line_height=&#8221;1.2em&#8221; min_height=&#8221;52px&#8221; custom_padding=&#8221;||0px|||&#8221; text_font_size_tablet=&#8221;&#8221; text_font_size_phone=&#8221;22px&#8221; text_font_size_last_edited=&#8221;on|desktop&#8221; header_font_size_tablet=&#8221;80px&#8221; header_font_size_phone=&#8221;60px&#8221; header_font_size_last_edited=&#8221;on|phone&#8221;]<\/p>\n<h1 style=\"text-align: center;\"><strong>Efectivo y tarjetas de cr\u00e9dito<br \/>\n<\/strong><\/h1>\n<h1><\/h1>\n<p>&nbsp;<\/p>\n<p>[\/et_pb_text][\/et_pb_column][\/et_pb_row][et_pb_row _builder_version=&#8221;4.4.8&#8243; module_alignment=&#8221;center&#8221; min_height=&#8221;100px&#8221;][et_pb_column type=&#8221;4_4&#8243; _builder_version=&#8221;4.4.8&#8243;][et_pb_text _builder_version=&#8221;4.4.8&#8243; text_font_size=&#8221;18px&#8221;]<\/p>\n<p style=\"text-align: center;\">Aceptamos efectivo y las principales tarjetas de cr\u00e9dito y<br \/> proporcionamos precios bajos para los pacientes que pagan en efectivo.<\/p>\n<p>[\/et_pb_text][\/et_pb_column][\/et_pb_row][et_pb_row column_structure=&#8221;1_2,1_2&#8243; _builder_version=&#8221;4.4.8&#8243;][et_pb_column type=&#8221;1_2&#8243; _builder_version=&#8221;4.4.8&#8243;][et_pb_image src=&#8221;https:\/\/www.parrapediatrics.com\/es\/wp-content\/uploads\/2020\/08\/Cash.jpg&#8221; title_text=&#8221;Cash&#8221; align=&#8221;center&#8221; _builder_version=&#8221;4.4.8&#8243;][\/et_pb_image][\/et_pb_column][et_pb_column type=&#8221;1_2&#8243; _builder_version=&#8221;4.4.8&#8243;][et_pb_image src=&#8221;https:\/\/www.parrapediatrics.com\/es\/wp-content\/uploads\/2020\/08\/Credit-Card.jpg&#8221; title_text=&#8221;Credit Card&#8221; align=&#8221;center&#8221; _builder_version=&#8221;4.4.8&#8243;][\/et_pb_image][\/et_pb_column][\/et_pb_row][\/et_pb_section]<\/p>\n","protected":false},"excerpt":{"rendered":"<p>SEGUROS &nbsp;Aceptamos la mayor\u00eda de los seguros privados y Medicaid. Si el plan es HMO, el Dr. C\u00e9sar Parra debe ser su m\u00e9dico primario (PCP). Medicaid, Marketplace, HMO &amp; PPO HMO &amp; PPO Marketplace, HMO &amp; PPO Medicaid Medicaid, Marketplace, HMO &amp; PPO Marketplace, HMO &amp; PPO Medicaid Medicaid, Marketplace, HMO &amp; PPO Medicaid Medicaid [&hellip;]<\/p>\n","protected":false},"author":1,"featured_media":0,"parent":0,"menu_order":0,"comment_status":"closed","ping_status":"closed","template":"","meta":{"_et_pb_use_builder":"on","_et_pb_old_content":"","_et_gb_content_width":""},"_links":{"self":[{"href":"https:\/\/www.parrapediatrics.com\/es\/wp-json\/wp\/v2\/pages\/1003"}],"collection":[{"href":"https:\/\/www.parrapediatrics.com\/es\/wp-json\/wp\/v2\/pages"}],"about":[{"href":"https:\/\/www.parrapediatrics.com\/es\/wp-json\/wp\/v2\/types\/page"}],"author":[{"embeddable":true,"href":"https:\/\/www.parrapediatrics.com\/es\/wp-json\/wp\/v2\/users\/1"}],"replies":[{"embeddable":true,"href":"https:\/\/www.parrapediatrics.com\/es\/wp-json\/wp\/v2\/comments?post=1003"}],"version-history":[{"count":13,"href":"https:\/\/www.parrapediatrics.com\/es\/wp-json\/wp\/v2\/pages\/1003\/revisions"}],"predecessor-version":[{"id":1762,"href":"https:\/\/www.parrapediatrics.com\/es\/wp-json\/wp\/v2\/pages\/1003\/revisions\/1762"}],"wp:attachment":[{"href":"https:\/\/www.parrapediatrics.com\/es\/wp-json\/wp\/v2\/media?parent=1003"}],"curies":[{"name":"wp","href":"https:\/\/api.w.org\/{rel}","templated":true}]}}